{"id":1375,"date":"2022-01-14T21:14:54","date_gmt":"2022-01-14T18:14:54","guid":{"rendered":"https:\/\/kozmokimya.com\/tr\/?page_id=1375"},"modified":"2022-01-14T21:14:54","modified_gmt":"2022-01-14T18:14:54","slug":"tedarikci-gizlilik-taahhutnamesi-aydinlatma-metni-ve-acik-riza-beyani","status":"publish","type":"page","link":"https:\/\/kozmokimya.com\/tr\/tedarikci-gizlilik-taahhutnamesi-aydinlatma-metni-ve-acik-riza-beyani\/","title":{"rendered":"Tedarik\u00e7i Gizlilik Taahh\u00fctnamesi, Ayd\u0131nlatma Metni ve A\u00e7\u0131k R\u0131za Beyan\u0131"},"content":{"rendered":"<p><strong>KOZMO K\u0130MYA SANAY\u0130 VE DI\u015e T\u0130CARET LTD.\u015eT\u0130<\/strong><\/p>\n<h3>TEDAR\u0130K\u00c7\u0130 G\u0130ZL\u0130L\u0130K TAAHH\u00dcTNAMES\u0130<\/h3>\n<p>TARAFLAR<\/p>\n<p><strong>\u015eirket : <\/strong>KOZMO K\u0130MYA SANAY\u0130 VE DI\u015e T\u0130CARET LTD.\u015eT\u0130<\/p>\n<p><strong>Adres :<\/strong><\/p>\n<p><strong>Tedarik\u00e7i :\u00a0\u00a0\u00a0\u00a0\u00a0 <\/strong><\/p>\n<p><strong>Adres : <\/strong><\/p>\n<p>\u0130\u015fbu Tedarik\u00e7i Ki\u015fisel Verileri Korunmas\u0131 ve Gizlilik Taahh\u00fctnamesi (\u201c<strong>Taahh\u00fctname\u201d<\/strong>), yukar\u0131da bilgileri verilen\u00a0 \u015eirket ve Tedarik\u00e7i (\u201c<strong>Firma<\/strong>\u201d) aras\u0131nda yap\u0131lm\u0131\u015ft\u0131r. Aksi yaz\u0131l\u0131 olarak bildirilmedik\u00e7e yukar\u0131da yaz\u0131l\u0131 adresler kanuni tebligat adresleridir.<\/p>\n<p>\u0130\u015fbu Taahh\u00fctname, Firma\u2019n\u0131n \u015eirket\u2019e ait 6698 say\u0131l\u0131 Ki\u015fisel Verileri Koruma Kanunu (\u201c<strong>Kanun<\/strong>\u201d) kapsam\u0131nda, her t\u00fcrl\u00fc veri kayna\u011f\u0131ndan elde etti\u011fi ki\u015fisel verileri ve di\u011fer gizli bilgileri tan\u0131mlamak, bilgilendirmek, ki\u015fisel veri ve gizli bilgilerin korunmas\u0131na y\u00f6nelik almas\u0131 gereken \u00f6nlemeri ve if\u015fa durumunda m\u00fceyyideleri belirlemek amac\u0131yla ger\u00e7ekle\u015ftirilmi\u015ftir.<\/p>\n<ol>\n<li><strong> Konusu <\/strong><\/li>\n<\/ol>\n<p>Taahh\u00fctname\u2019nin konusu, taraflar aras\u0131nda tesis edilen gizlilik ilkesi kapsam\u0131nda, 6698 say\u0131l\u0131 Kanunda \u00f6ng\u00f6r\u00fclen yaz\u0131l\u0131 veya s\u00f6zl\u00fc, g\u00f6rsel, manyetik veya herhangi ba\u015fka bir ortamda bulunan \u015eirket\u2019e ait \u201c<strong>ki\u015fisel veri<\/strong>\u201d, \u201c<strong>\u00f6zel nitelikli ki\u015fisel veri<\/strong>\u201d ile \u201c<strong>gizli bilgi<\/strong>\u201dlerin korunmas\u0131d\u0131r. Koruma m\u00fckellefiyeti Firma\u2019n\u0131n kendisi, i\u015f\u00e7ileri, i\u015f ortaklar\u0131, m\u00fc\u015fterileri, tedarik\u00e7ileri ya da \u00e7al\u0131\u015fanlar\u0131 ile if\u015fa edilen \u00fc\u00e7\u00fcnc\u00fc ki\u015fileri kapsar.<\/p>\n<ol start=\"2\">\n<li><strong> Ki\u015fisel Veri ve Gizli Bilgi\u2019nin Korunmas\u0131 <\/strong><\/li>\n<\/ol>\n<p>Firma \u015eirket\u2019in ki\u015fisel veri sahiplerine ait elde etti\u011fi ki\u015fisel verileri (Ad, soyad, do\u011fum tarihi, TC. kimlik no, ge\u00e7ici TC. kimlik numaras\u0131, pasaport numaras\u0131, medeni hal, cinsiyeti, \u00e7al\u0131\u015fma verileri, adres, e posta adresi, telefon numaras\u0131, aile bilgileri, \u00f6deme bilgileri, giri\u015f \u00e7\u0131k\u0131\u015f kay\u0131t bilgileri, aktivite resim ve bilgileri, talep veya \u015fik\u00e2yet verileri, web site verileri, i\u015flem g\u00fcvenli\u011fi bilgileri vd.) hukuka ayk\u0131r\u0131 olarak i\u015flenmesini \u00f6nlemek, ki\u015fisel verilere hukuka ayk\u0131r\u0131 olarak eri\u015filmesini \u00f6nlemek ve ki\u015fisel verilerin muhafazas\u0131n\u0131 sa\u011flamak amac\u0131yla ki\u015fisel verinin niteli\u011fine g\u00f6re uygun g\u00fcvenlik d\u00fczeyini temin etmeye y\u00f6nelik gerekli her t\u00fcrl\u00fc teknik ve idari tedbiri almakla y\u00fck\u00fcml\u00fcd\u00fcr.<\/p>\n<p>Firma, ki\u015fisel verilerin kendi ad\u0131na ba\u015fka bir ger\u00e7ek veya t\u00fczel ki\u015fi taraf\u0131ndan i\u015flenmesi h\u00e2linde, belirtilen tedbirlerin al\u0131nmas\u0131 hususunda bu ki\u015filerle birlikte m\u00fc\u015ftereken sorumludur. Firma ve yetkisi alt\u0131nda faaliyet g\u00f6steren ki\u015filer, ki\u015fisel verileri ancak ve sadece \u015eirket\u2019in iletece\u011fi isteklere uygun olarak i\u015flemekle y\u00fck\u00fcml\u00fcd\u00fcr. Firma, s\u00f6zle\u015fmeye konu ki\u015fisel verileri, bir alt i\u015fverene aktarmas\u0131 gereken hallerde, veri aktaran\u0131 ispat edilebilir \u015fekilde bilgilendirmeli ve onay\u0131n\u0131 almal\u0131d\u0131r. Firma alt i\u015fveren ile yapaca\u011f\u0131 s\u00f6zle\u015fmenin, asgari olarak \u015eirket ile Firma aras\u0131ndaki s\u00f6zle\u015fme ve bu taahh\u00fctnamedeki h\u00fck\u00fcmleri i\u00e7ermesi \u015fartt\u0131r.<\/p>\n<p>Firma; ki\u015fisel verileri 6698 say\u0131l\u0131 Kanuna ve \u015eirket ile aras\u0131ndaki s\u00f6zle\u015fmeye uygun olarak i\u015fler, herhangi bir sebeple Kanuna ve s\u00f6zle\u015fmeye uygunluk sa\u011flanamazsa, veri aktaran\u0131 konu ile ilgili derhal bilgilendirir. Bu durumda \u015eirket\u2019in Firma\u2019ya ki\u015fisel veri aktar\u0131m\u0131n\u0131 ask\u0131ya alma ve s\u00f6zle\u015fmeyi feshetme hakk\u0131na sahip olaca\u011f\u0131n\u0131 kabul eder.<\/p>\n<ol start=\"3\">\n<li><strong> Ki\u015fisel Veri ve Gizli Bilgi Tan\u0131m\u0131na Girmeyen Bilgiler <\/strong><\/li>\n<\/ol>\n<p>Firma\u2019n\u0131n gizli tutma y\u00fck\u00fcml\u00fcl\u00fc\u011f\u00fc olmad\u0131\u011f\u0131 d\u00f6neme ait, \u00f6nceden edinilen bilgiler; Firma\u2019n\u0131n kusuru s\u00f6zkonusu olmaks\u0131z\u0131n kamuya malolmu\u015f bilgiler; Yasal d\u00fczenlemeler, verilmi\u015f mahkeme karar\u0131, idari karar gere\u011fince a\u00e7\u0131klanmas\u0131 gereken bilgiler; Ki\u015fisel verilerden Kanun kapsam\u0131 d\u0131\u015f\u0131nda tutulan bilgiler gizlilik y\u00fck\u00fcml\u00fcl\u00fc\u011f\u00fc d\u0131\u015f\u0131ndad\u0131r.<\/p>\n<p>Firma; aktar\u0131lan ki\u015fisel verilere ili\u015fkin olarak adli bir makamdan gelen talepleri, derhal \u015eirket\u2019e bildirir. Bu durumda veri aktaran\u0131n talebin niteli\u011fine g\u00f6re s\u00f6zle\u015fmeyi ask\u0131ya alma veya feshetme hakk\u0131na sahip olaca\u011f\u0131n\u0131 kabul eder.<\/p>\n<p>\u015eirket\u2019e ait gizli bilgilere ait haklar \u015eirket\u2019in m\u00fclkiyetindedir, bu bilginin if\u015fa edilmesi, if\u015fa eden tarafa herhangi bir hak vermez. Firma, \u015eirket\u2019in gizli bilgisinin de\u011ferli ticari s\u0131rlar\u0131 i\u00e7erdi\u011fini ve \u015eirket\u2019in ticari s\u0131rlar\u0131n\u0131 vermek gibi bir y\u00fck\u00fcml\u00fcl\u00fc\u011f\u00fc olmad\u0131\u011f\u0131n\u0131 kabul eder. \u015eirket gizli bilgisinin taml\u0131\u011f\u0131, do\u011frulu\u011fu, kesinli\u011fi hakk\u0131nda bir garanti veremez.<\/p>\n<ol start=\"4\">\n<li><strong> \u00d6nlemler <\/strong><\/li>\n<\/ol>\n<p>Firma, s\u00f6zle\u015fme kapsam\u0131nda \u015eirket\u2019ten gelen sorular\u0131 m\u00fcmk\u00fcn olan en k\u0131sa s\u00fcrede usul\u00fcne uygun olarak cevapland\u0131r\u0131r ve aktar\u0131ma konu ki\u015fisel verilerin i\u015flenmesi hususunda Ki\u015fisel Verileri Koruma Kurulu karar ve g\u00f6r\u00fc\u015flerine uyar. Firma, veri aktaran\u0131n, taahh\u00fct ve y\u00fck\u00fcml\u00fcl\u00fcklerin yerine getirilip getirilmedi\u011fine y\u00f6nelik \u015eirket\u2019in denetim yapma ve yapt\u0131rma yetkisine sahip oldu\u011funu kabul eder ve bu y\u00f6nde gerekli kolayl\u0131\u011f\u0131 sa\u011flar.<\/p>\n<p>E\u011fer Firma, \u015eirket\u2019in ki\u015fisel veri ve gizli bilgisini yetkisiz if\u015fa etti\u011fini \u00f6\u011frenirse \u015eirket\u2019e derhal ve yaz\u0131l\u0131 olarak bilgi verir. Bu sebeple olu\u015fabilecek zararlar\u0131 azaltmak i\u00e7in t\u00fcm \u00e7abay\u0131 g\u00f6sterir. Firma, \u015eirket\u2019in bu sebeple maruz kald\u0131\u011f\u0131 t\u00fcm zarar ve ziyan\u0131 kar\u015f\u0131lamay\u0131 pe\u015finen kabul ve taahh\u00fct eder. Firma, i\u015fbu Taahh\u00fctname\u2019ye ayk\u0131r\u0131 davran\u0131\u015flar i\u00e7in en az\u00a0 \u2026\u2026\u2026\u2026\u2026\u2026.. TL para cezas\u0131 \u00f6demeyi ve \u015eirket taraf\u0131ndan hesaplanacak olan di\u011fer zarar\u0131n tazminini de ayr\u0131ca \u00f6demeyi taahh\u00fct eder.<\/p>\n<ol start=\"5\">\n<li><strong> Gizli Bilginin \u0130adesi <\/strong><\/li>\n<\/ol>\n<p>T\u00fcm ki\u015fisel veri ve gizli bilgiler ticari ili\u015fkinin ya da Taahh\u00fctname\u2019nin sona ermesi halinde, aktar\u0131ma konu ki\u015fisel verileri yedekleri ile birlikte \u015eirket\u2019e geri g\u00f6nderece\u011fini ya da ki\u015fisel verileri tamamen yok edece\u011fini, mevzuatta veri al\u0131c\u0131s\u0131n\u0131n bu y\u00fck\u00fcml\u00fcl\u00fc\u011f\u00fc yerine getirmesini engelleyen h\u00fck\u00fcmler varsa, aktar\u0131ma konu ki\u015fisel verilerin gizlili\u011fini g\u00fcvence alt\u0131na almak i\u00e7in gerekli idari ve teknik tedbirleri alaca\u011f\u0131n\u0131 ve veri i\u015fleme faaliyetini durduraca\u011f\u0131n\u0131 kabul eder. Taraflar aras\u0131nda bu hususta ileride do\u011facak i\u015f ili\u015fkileri m\u00fczakere edilip uygulanacak ayr\u0131 bir Taahh\u00fctnamenin konusunu olu\u015fturur. \u0130ade edilen her t\u00fcrl\u00fc bilginin, kopyaland\u0131\u011f\u0131, \u00e7o\u011falt\u0131ld\u0131\u011f\u0131n\u0131n tespiti durumunda 5. maddede belirtilen cezai m\u00fceyyide uygulan\u0131r.<\/p>\n<ol start=\"6\">\n<li><strong> \u0130f\u015faya \u0130zin Verilmesi <\/strong><\/li>\n<\/ol>\n<p>Firma, Kanunda a\u00e7\u0131k\u00e7a belirtilen haller d\u0131\u015f\u0131nda ki\u015fisel veri ve gizli bilgiyi herhangi bir \u015fekilde ya da herhangi bir yolla da\u011f\u0131tamaz, bas\u0131n yay\u0131n organlar\u0131 ve medya kurulu\u015flar\u0131 vas\u0131tas\u0131yla a\u00e7\u0131klayamaz, reklam amac\u0131yla kullanamaz ve if\u015fa edemez, g\u00f6rsel ya da yaz\u0131l\u0131 medya arac\u0131l\u0131\u011f\u0131yla referans olarak g\u00f6steremez. Gizlilik y\u00fck\u00fcml\u00fcl\u00fcklerinin tek istisnas\u0131 3. madde ile tespit edilen haller ile kar\u015f\u0131 taraf\u0131n yaz\u0131l\u0131 izni olmas\u0131d\u0131r.<\/p>\n<ol start=\"7\">\n<li><strong> Di\u011fer Konular <\/strong><\/li>\n<\/ol>\n<p>\u0130ki orijinal n\u00fcsha olarak d\u00fczenlenen bu Taahh\u00fctname\u2019nin damga vergisinden, taraflar kendi n\u00fcshas\u0131ndan sorumludur. Taahh\u00fctname maddelerinden herhangi bir veya birka\u00e7 maddesi ge\u00e7ersiz say\u0131l\u0131r ya da iptal edilir veya uygulanmazsa, bu durum di\u011fer maddelerinin ge\u00e7erli\u011fine etkilemez.<\/p>\n<p>\u0130\u015fbu Taahh\u00fctname sebebiyle \u00e7\u0131kacak t\u00fcm uyu\u015fmazl\u0131klarda <strong>\u0130stanbul <\/strong>mahkemeleri ve icra daireleri yetkilidir.<\/p>\n<p>Taraflar, aralar\u0131nda ki t\u00fcm bildirimleri yaz\u0131l\u0131 yapar. Taahh\u00fctname taraflar ve halefleri i\u00e7in ba\u011flay\u0131c\u0131d\u0131r.<\/p>\n<p>Bu Taahh\u00fctname ya da buradaki herhangi bir hak tamamen ya da k\u0131smen devir konusu olamaz.<\/p>\n<p>\u0130\u015fbu Taahh\u00fctname &#8230;\/\u2026\/\u2026\u2026 tarihinde imzalanm\u0131\u015f olup, taraflar\u0131n gizlilik ve ki\u015fisel verilerin korunma y\u00fck\u00fcml\u00fcl\u00fckleri, aralar\u0131ndaki i\u015f ili\u015fkisi s\u00fcresince, bu ili\u015fkinin herhangi bir nedenle sona ermesi halinde herhangi bir s\u00fcre ile s\u0131n\u0131rl\u0131 kalmadan, y\u00fcr\u00fcrl\u00fckte kal\u0131r.<\/p>\n<table>\n<tbody>\n<tr>\n<td width=\"326\"><strong>Firma ad\u0131na:<\/strong><\/p>\n<p>Ad Soyad:<\/p>\n<p>A\u00e7\u0131k Adres:<\/p>\n<p>\u0130rtibat Numaras\u0131:<\/p>\n<p>E-posta:<\/p>\n<p>\u0130mza\/Ka\u015fe<\/td>\n<td width=\"326\"><strong>\u015eirket ad\u0131na:<\/strong><\/p>\n<p>Ad Soyad:<\/p>\n<p>A\u00e7\u0131k Adres:<\/p>\n<p>\u0130rtibat Numaras\u0131:<\/p>\n<p>E-posta:<\/p>\n<p>\u0130mza\/Ka\u015fe<\/p>\n<p><strong>\u00a0<\/strong><\/p>\n<p><strong>\u00a0<\/strong><\/p>\n<p><strong>\u00a0<\/strong><\/td>\n<\/tr>\n<\/tbody>\n<\/table>\n<p><strong>KOZMO K\u0130MYA SANAY\u0130 VE DI\u015e T\u0130CARET LTD.\u015eT\u0130<\/strong><\/p>\n<p><strong>TEDAR\u0130K\u00c7\u0130 AYDINLATMA METN\u0130<\/strong><\/p>\n<p>Bu ayd\u0131nlatma metni, 6698 say\u0131l\u0131 Ki\u015fisel Verilerin Korunmas\u0131 Kanununun (\u201cKanun\u201d) 10. maddesi ile Ayd\u0131nlatma Y\u00fck\u00fcml\u00fcl\u00fc\u011f\u00fcn\u00fcn Yerine Getirilmesinde Uyulacak Usul ve Esaslar Hakk\u0131nda Tebli\u011f kapsam\u0131nda veri sorumlusu s\u0131fat\u0131yla, a\u015fa\u011f\u0131da bilgileri bulunan KOZMO K\u0130MYA SANAY\u0130 VE DI\u015e T\u0130CARET LTD.\u015eT\u0130 (\u201c<strong>KOZMO K\u0130MYA<\/strong><strong>\u201d<\/strong>) taraf\u0131ndan haz\u0131rlanm\u0131\u015ft\u0131r.<\/p>\n<table width=\"610\">\n<tbody>\n<tr>\n<td width=\"610\"><strong>MERS\u0130S Numaras\u0131: <\/strong><\/td>\n<\/tr>\n<tr>\n<td width=\"610\"><strong>Adresi: <\/strong><\/td>\n<\/tr>\n<tr>\n<td width=\"610\"><strong>Telefon: <\/strong>\u00a0\u00a0\u00a0\u00a0\u00a0\u00a0\u00a0\u00a0\u00a0\u00a0\u00a0\u00a0\u00a0\u00a0\u00a0\u00a0\u00a0\u00a0\u00a0\u00a0\u00a0\u00a0\u00a0\u00a0\u00a0\u00a0\u00a0\u00a0\u00a0\u00a0\u00a0\u00a0\u00a0\u00a0\u00a0\u00a0\u00a0\u00a0\u00a0\u00a0\u00a0<strong>Faks:<\/strong>\u00a0\u00a0\u00a0\u00a0\u00a0\u00a0\u00a0\u00a0 \u00a0\u00a0\u00a0\u00a0\u00a0\u00a0\u00a0\u00a0\u00a0\u00a0\u00a0\u00a0\u00a0\u00a0\u00a0\u00a0\u00a0\u00a0\u00a0\u00a0\u00a0\u00a0\u00a0\u00a0\u00a0\u00a0\u00a0\u00a0\u00a0\u00a0\u00a0\u00a0\u00a0\u00a0\u00a0\u00a0<strong>E-mail: <\/strong><\/td>\n<\/tr>\n<\/tbody>\n<\/table>\n<p><strong>KOZMO K\u0130MYA<\/strong><strong>, <\/strong>tedarik\u00e7i yetkilisine ait: ad, soyad, anne-baba, do\u011fum tarihi, do\u011fum yeri, medeni hali, ad\u0131 TC. kimlik no, pasaport numaras\u0131, cinsiyet bilgisi, TC. kimlik kart\u0131, s\u00fcr\u00fcc\u00fc belgesi, ileti\u015fim adresi, e-posta adresi, cep\/telefon no, imza, hukuki i\u015flem, banka hesap numaras\u0131, IBAN numaras\u0131, denetim tefti\u015f, \u00e7al\u0131\u015fma verileri, kamera kay\u0131tlar\u0131, ara\u00e7 plaka no, ara\u00e7 ve y\u00fck bilgisi verilerini, bilan\u00e7o bilgileri, finansal performans bilgileri, kredi ve risk bilgileri, olay y\u00f6netimi, ceza mahkumiyeti ve g\u00fcvenlik tedbirleri verilerini; faaliyetlerin mevzuata uygun y\u00fcr\u00fct\u00fclmesi, finans ve muhasebe i\u015flerinin y\u00fcr\u00fct\u00fclmesi, fiziksel mekan g\u00fcvenli\u011finin temini, hukuk i\u015flerinin takibi ve y\u00fcr\u00fct\u00fclmesi, ileti\u015fim faaliyetlerinin y\u00fcr\u00fct\u00fclmesi, i\u015f faaliyetlerinin y\u00fcr\u00fct\u00fclmesi\/denetimi, lojistik faaliyetlerinin y\u00fcr\u00fct\u00fclmesi, mal\/hizmet sat\u0131n al\u0131m s\u00fcre\u00e7lerinin y\u00fcr\u00fct\u00fclmesi, s\u00f6zle\u015fme s\u00fcre\u00e7lerinin y\u00fcr\u00fct\u00fclmesi, tedarik zinciri y\u00f6netimi s\u00fcre\u00e7lerinin y\u00fcr\u00fct\u00fclmesi, yetkili ki\u015fi, kurum ve kurulu\u015flara bilgi verilmesi, i\u015f ortaklar\u0131\/tedarik\u00e7ilerin bilgiye ve tesislere eri\u015fim yetkilerinin planlanmas\u0131\/y\u00f6netimi, i\u015f ortaklar\u0131\/tedarik\u00e7ilerle olan ili\u015fkilerin y\u00f6netimi, i\u015f orta\u011f\u0131\/tedarik\u00e7i \u00e7al\u0131\u015fanlar\u0131n\u0131n giri\u015f \u00e7\u0131k\u0131\u015f kay\u0131tlar\u0131n\u0131n toplanmas\u0131 ama\u00e7lar\u0131yla i\u015flemektedir.<\/p>\n<p>S\u00f6z konusu ki\u015fisel veriler, Kanunun 5. maddesinde belirtilen \u201cs\u00f6zle\u015fmenin kurulmas\u0131 ve ifas\u0131 i\u00e7in gerekli olmas\u0131, kanunlarda \u00f6ng\u00f6r\u00fclmesi \u201d hukuki sebebine dayanarak mal\/hizmet sat\u0131n al\u0131nmas\u0131, \u00f6deme i\u015flemleri, lojistik faaliyetlerinin y\u00fcr\u00fct\u00fclmesi; \u201ca\u00e7\u0131k r\u0131zan\u0131n al\u0131nmas\u0131\u201d hukuki sebebine dayanarak ileti\u015fim faaliyetlerinden s\u00f6zl\u00fc, yaz\u0131l\u0131 ya da elektronik ortamda elde edilmekte, tamamen veya k\u0131smen otomatik yolla i\u015flenmekte olup, gerekli her t\u00fcrl\u00fc teknik ve idari tedbirler al\u0131narak korunmaktad\u0131r. A\u00e7\u0131k r\u0131zan\u0131n geri al\u0131nmas\u0131 halinde, veri i\u015fleme faaliyeti durdurulmaktad\u0131r.<\/p>\n<p>Yukar\u0131da belirlenen ama\u00e7larla, ger\u00e7ek ki\u015filer veya \u00f6zel hukuk t\u00fczel ki\u015fileri, hissedarlar, i\u015f ortaklar\u0131, tedarik\u00e7iler, yetkili kamu kurum ve kurulu\u015flar\u0131, y\u00f6netim kurulu \u00fcyeleri ile payla\u015fabilmektedir.<\/p>\n<p>Kanunun \u201c<strong>\u0130lgili ki\u015finin haklar\u0131<\/strong>\u201dn\u0131 d\u00fczenleyen 11. maddesi kapsam\u0131ndaki taleplerinizi, ayr\u0131nt\u0131s\u0131n\u0131 internet adresinde bulunan KOZMO K\u0130MYA Ki\u015fisel Verilerin Korunmas\u0131 ve \u0130\u015flenmesi Politikas\u0131nda d\u00fczenlendi\u011fi \u015fekilde, Ba\u015fvuru Formu\u2019nu KOZMO K\u0130MYA\u2019e ileterek yapabilir.<\/p>\n<p><strong>AYDINLANMA BEYANI<\/strong><\/p>\n<p>Yukar\u0131da a\u00e7\u0131klanan t\u00fcm hususlarda taraf\u0131ma gerekli ayd\u0131nlatma yap\u0131ld\u0131\u011f\u0131n\u0131, KOZMO K\u0130MYA Ki\u015fisel Verilerin Korunmas\u0131 ve \u0130\u015flenmesi Politikas\u0131n\u0131 okudu\u011fumu ve anlad\u0131\u011f\u0131m\u0131, 6698 say\u0131l\u0131 Kanunun 11. maddesi kapsam\u0131ndaki haklar\u0131m\u0131 bildi\u011fimi beyan ederim.<\/p>\n<p><strong>Veri Sahibi Ad\u0131 Soyad\u0131<\/strong>\u00a0 :&#8230;&#8230;&#8230;&#8230;&#8230;&#8230;&#8230;&#8230;&#8230;&#8230;&#8230;&#8230;..\u00a0 \u00a0\u00a0\u00a0\u00a0\u00a0\u00a0\u00a0\u00a0\u00a0\u00a0\u00a0\u00a0\u00a0\u00a0\u00a0\u00a0\u00a0\u00a0\u00a0<strong>T.C. Kimlik No:<\/strong> &#8230;&#8230;&#8230;&#8230;&#8230;&#8230;&#8230;&#8230;&#8230;&#8230;&#8230;..<\/p>\n<p>Tarih\u00a0\u00a0\u00a0\u00a0\u00a0\u00a0\u00a0\u00a0\u00a0\u00a0 :&#8230;.\/&#8230;..\/&#8230;&#8230;&#8230;..<strong>\u00a0\u00a0\u00a0\u00a0\u00a0\u00a0\u00a0\u00a0\u00a0\u00a0\u00a0\u00a0\u00a0\u00a0\u00a0\u00a0\u00a0\u00a0\u00a0\u00a0\u00a0\u00a0\u00a0\u00a0\u00a0\u00a0\u00a0\u00a0\u00a0\u00a0\u00a0\u00a0\u00a0\u00a0\u00a0\u00a0\u00a0\u00a0\u00a0\u00a0\u00a0\u00a0\u00a0\u00a0\u00a0\u00a0\u00a0\u00a0\u00a0\u00a0\u00a0\u00a0\u00a0\u00a0\u00a0\u00a0\u00a0\u00a0\u00a0\u00a0\u00a0\u00a0\u00a0\u00a0\u00a0\u00a0\u00a0\u00a0\u00a0\u00a0\u00a0\u00a0\u00a0\u00a0\u00a0\u00a0 <\/strong>\u0130mza<\/p>\n<p><strong>A\u00c7IK RIZA BEYANIM<\/strong><\/p>\n<p>Veri sorumlusunun s\u00f6zle\u015fmenin kurulmas\u0131 ve ifas\u0131 i\u00e7in gerekli olmas\u0131, a\u00e7\u0131k r\u0131zan\u0131n al\u0131nmas\u0131, veri sorumlusu me\u015fru menfaatinden kaynaklanan nedenlerle s\u00f6zl\u00fc, yaz\u0131l\u0131 ya da elektronik ortamda toplanan ki\u015fisel verilerimin i\u015fleme amac\u0131 ile ba\u011flant\u0131l\u0131, s\u0131n\u0131rl\u0131 ve \u00f6l\u00e7\u00fcl\u00fc i\u015flenmesini;<\/p>\n<p>A\u00e7\u0131k R\u0131zam ile Kabul Ediyorum\u00a0\u00a0\u00a0\u00a0\u00a0\u00a0\u00a0\u00a0\u00a0\u00a0\u00a0\u00a0\u00a0\u00a0\u00a0\u00a0\u00a0\u00a0\u00a0\u00a0\u00a0\u00a0\u00a0\u00a0\u00a0\u00a0\u00a0\u00a0\u00a0\u00a0\u00a0\u00a0\u00a0\u00a0\u00a0\u00a0\u00a0\u00a0 Kabul Etmiyorum<\/p>\n<p><strong>Veri Sahibi Ad\u0131 Soyad\u0131<\/strong>\u00a0 :&#8230;&#8230;&#8230;&#8230;&#8230;&#8230;&#8230;&#8230;&#8230;&#8230;&#8230;&#8230;..\u00a0\u00a0\u00a0\u00a0\u00a0\u00a0\u00a0\u00a0\u00a0\u00a0\u00a0\u00a0\u00a0\u00a0\u00a0\u00a0\u00a0\u00a0 <strong>T.C. Kimlik No:<\/strong> &#8230;&#8230;&#8230;&#8230;&#8230;&#8230;&#8230;&#8230;&#8230;&#8230;&#8230;..<\/p>\n<p>Tarih\u00a0\u00a0\u00a0\u00a0\u00a0\u00a0\u00a0\u00a0\u00a0\u00a0 :&#8230;.\/&#8230;..\/&#8230;&#8230;&#8230;..<strong>\u00a0\u00a0\u00a0\u00a0\u00a0\u00a0\u00a0\u00a0\u00a0\u00a0\u00a0\u00a0\u00a0\u00a0\u00a0\u00a0\u00a0\u00a0\u00a0\u00a0\u00a0\u00a0\u00a0\u00a0\u00a0\u00a0\u00a0\u00a0\u00a0\u00a0\u00a0\u00a0\u00a0\u00a0\u00a0\u00a0\u00a0\u00a0\u00a0\u00a0\u00a0\u00a0\u00a0\u00a0\u00a0\u00a0\u00a0\u00a0\u00a0\u00a0\u00a0\u00a0\u00a0\u00a0\u00a0\u00a0\u00a0\u00a0\u00a0\u00a0\u00a0\u00a0\u00a0\u00a0\u00a0\u00a0\u00a0\u00a0\u00a0\u00a0\u00a0\u00a0\u00a0 <\/strong>\u0130mza<\/p>\n","protected":false},"excerpt":{"rendered":"<p>KOZMO K\u0130MYA SANAY\u0130 VE DI\u015e T\u0130CARET LTD.\u015eT\u0130 TEDAR\u0130K\u00c7\u0130 G\u0130ZL\u0130L\u0130K TAAHH\u00dcTNAMES\u0130 TARAFLAR \u015eirket : KOZMO K\u0130MYA SANAY\u0130 VE DI\u015e T\u0130CARET LTD.\u015eT\u0130 Adres : Tedarik\u00e7i :\u00a0\u00a0\u00a0\u00a0\u00a0 Adres : \u0130\u015fbu Tedarik\u00e7i Ki\u015fisel Verileri Korunmas\u0131 ve Gizlilik Taahh\u00fctnamesi (\u201cTaahh\u00fctname\u201d), yukar\u0131da bilgileri verilen\u00a0 \u015eirket ve Tedarik\u00e7i (\u201cFirma\u201d) aras\u0131nda yap\u0131lm\u0131\u015ft\u0131r. Aksi yaz\u0131l\u0131 olarak bildirilmedik\u00e7e yukar\u0131da yaz\u0131l\u0131 adresler kanuni tebligat adresleridir. \u0130\u015fbu [&#8230;]\n","protected":false},"author":1,"featured_media":0,"parent":0,"menu_order":0,"comment_status":"closed","ping_status":"closed","template":"","meta":{"footnotes":""},"class_list":["post-1375","page","type-page","status-publish","hentry"],"_links":{"self":[{"href":"https:\/\/kozmokimya.com\/tr\/wp-json\/wp\/v2\/pages\/1375","targetHints":{"allow":["GET"]}}],"collection":[{"href":"https:\/\/kozmokimya.com\/tr\/wp-json\/wp\/v2\/pages"}],"about":[{"href":"https:\/\/kozmokimya.com\/tr\/wp-json\/wp\/v2\/types\/page"}],"author":[{"embeddable":true,"href":"https:\/\/kozmokimya.com\/tr\/wp-json\/wp\/v2\/users\/1"}],"replies":[{"embeddable":true,"href":"https:\/\/kozmokimya.com\/tr\/wp-json\/wp\/v2\/comments?post=1375"}],"version-history":[{"count":1,"href":"https:\/\/kozmokimya.com\/tr\/wp-json\/wp\/v2\/pages\/1375\/revisions"}],"predecessor-version":[{"id":1387,"href":"https:\/\/kozmokimya.com\/tr\/wp-json\/wp\/v2\/pages\/1375\/revisions\/1387"}],"wp:attachment":[{"href":"https:\/\/kozmokimya.com\/tr\/wp-json\/wp\/v2\/media?parent=1375"}],"curies":[{"name":"wp","href":"https:\/\/api.w.org\/{rel}","templated":true}]}}