{"id":1376,"date":"2022-01-14T21:16:06","date_gmt":"2022-01-14T18:16:06","guid":{"rendered":"https:\/\/kozmokimya.com\/tr\/?page_id=1376"},"modified":"2025-04-11T10:02:05","modified_gmt":"2025-04-11T07:02:05","slug":"internet-sitesi-cerez-aydinlatma-metni","status":"publish","type":"page","link":"https:\/\/kozmokimya.com\/tr\/internet-sitesi-cerez-aydinlatma-metni\/","title":{"rendered":"\u0130nternet Sitesi \u00c7erez Ayd\u0131nlatma Metni"},"content":{"rendered":"<p><b>\u00c7EREZ POL\u0130T\u0130KASI<\/b><\/p>\n<p><b>\u00c7erez Nedir?<\/b><\/p>\n<p><span style=\"font-weight: 400;\">\u00c7erez veya bilinen ismiyle \u201ccookie\u201d, mobil ve masa\u00fcst\u00fc cihazlar kullanarak taray\u0131c\u0131lar \u00fczerinden internet sitelerini ziyaret etti\u011finizde bilgisayar\u0131n\u0131z veya mobil cihaz\u0131n\u0131za (ak\u0131ll\u0131 telefon, tablet gibi) kaydedilen (sabit diskinde saklanan) k\u00fc\u00e7\u00fck metin dosyas\u0131 veya bilgilerdir. Genellikle ziyaret etti\u011finiz internet sitesini kullanman\u0131z s\u0131ras\u0131nda size ki\u015fiselle\u015ftirilmi\u015f bir deneyim sunmak, sunulan hizmetleri geli\u015ftirmek ve deneyiminizi iyile\u015ftirmek i\u00e7in kullan\u0131l\u0131r ve bir internet sitesinde gezinirken kullan\u0131m kolayl\u0131\u011f\u0131na katk\u0131da bulunabilir. \u00c7erezler genellikle geldikleri internet site isimlerini, kullan\u0131m \u00f6m\u00fcrlerini ve rastgele verilen say\u0131lardan olu\u015fan de\u011ferler i\u00e7erir.<\/span><\/p>\n<p><b>Ne i\u00e7in Kullan\u0131l\u0131r?<\/b><\/p>\n<p><span style=\"font-weight: 400;\">\u00c7erezler, internet sitelerinin daha kolay kullan\u0131lmas\u0131, kullan\u0131c\u0131lar\u0131n ilgi ve ihtiya\u00e7lar\u0131n\u0131za g\u00f6re ayarlanmas\u0131 ve kullan\u0131c\u0131lara ak\u0131ll\u0131 reklam g\u00f6sterimi i\u00e7in ki\u015fiselle\u015ftirme amac\u0131yla kullan\u0131l\u0131r.<\/span><\/p>\n<p><span style=\"font-weight: 400;\">\u0130nternet siteleri bu \u00e7erez dosyalar\u0131 okuyup yazabilir ve bu sayede kullan\u0131c\u0131n\u0131n tan\u0131nmas\u0131 ve ona daha uygun bir internet sitesi sunulmas\u0131 amac\u0131yla kullan\u0131c\u0131 ile ilgili \u00f6nemli bilgilerin hat\u0131rlanmas\u0131 sa\u011flan\u0131r (tercih ayarlar\u0131n\u0131n hat\u0131rlanmas\u0131 gibi).<\/span><\/p>\n<p><span style=\"font-weight: 400;\">\u00c7erezler ayr\u0131ca, internet sitesi \u00fczerinde kullan\u0131c\u0131lar\u0131n gelecekteki hareketlerinin h\u0131zlanmas\u0131na da yard\u0131mc\u0131 olur. Bunlara ek olarak, ziyaret\u00e7ilerin siteyi nas\u0131l kulland\u0131\u011f\u0131n\u0131 anlamak ve sitenin tasar\u0131m\u0131 ile kullan\u0131\u015fl\u0131l\u0131\u011f\u0131n\u0131 geli\u015ftirmek amac\u0131yla \u00e7erezleri sitenin kullan\u0131m\u0131 hakk\u0131nda istatistiksel bilgiler toplamak i\u00e7in de kullan\u0131labilir.<\/span><\/p>\n<p><span style=\"font-weight: 400;\">\u00a0<\/span><\/p>\n<p><b>Veri Sorumlular\u0131 Taraf\u0131ndan Kullan\u0131lan Standart \u00c7erezler<\/b><\/p>\n<p><span style=\"font-weight: 400;\">Kullan\u0131c\u0131lar\u0131n web sitesi, mobil uygulama ve\/veya mobil site kullan\u0131mlar\u0131n\u0131 ki\u015fiselle\u015ftirmek i\u00e7in kullan\u0131r. Bu kullan\u0131m;<\/span><\/p>\n<p><span style=\"font-weight: 400;\">Parolan\u0131z\u0131 kaydeden ve web sitesi\/mobil uygulama\/mobil sitesi oturumunuzun s\u00fcrekli a\u00e7\u0131k kalmas\u0131n\u0131 sa\u011flayan, b\u00f6ylece her ziyaretinizde birden fazla kez parola girme zahmetinden kurtaran \u00e7erezleri ve Web sitesi, mobil uygulama ve\/veya mobil siteye daha sonraki ziyaretlerde kullan\u0131c\u0131y\u0131 hat\u0131rlayan ve tan\u0131yan \u00e7erezleri i\u00e7erir.<\/span><\/p>\n<p><span style=\"font-weight: 400;\">Kullan\u0131c\u0131lar\u0131n web sitesi, mobil uygulama ve\/veya mobil siteye nereden ve hangi cihazlardan ba\u011fland\u0131\u011f\u0131, web sitesi\/mobil uygulama\/mobil sitesi \u00fczerinde hangi i\u00e7eri\u011fi g\u00f6r\u00fcnt\u00fcledi\u011fi ve ziyaret s\u00fcresi gibi web sitesini\/mobil uygulamay\u0131\/mobil sitesini nas\u0131l kulland\u0131\u011f\u0131n\u0131z\u0131n tespiti de dahil olmak \u00fczere; web sitesi, mobil uygulama ve\/veya mobil siteyi kullan\u0131c\u0131n\u0131n nas\u0131l kulland\u0131\u011f\u0131n\u0131 belirlemek amac\u0131yla kullan\u0131r.<\/span><\/p>\n<p><span style=\"font-weight: 400;\">Kullan\u0131c\u0131n\u0131n ilgi alan\u0131na uygun i\u00e7erik ve reklamlar\u0131 sunmak, di\u011fer bir ifade ile hedeflenmi\u015f reklam veya tan\u0131t\u0131m amac\u0131yla kullan\u0131r<\/span><\/p>\n<p><span style=\"font-weight: 400;\">\u00a0<\/span><\/p>\n<p><b>T\u00dcRLER\u0130NE G\u00d6RE \u00c7EREZLER<\/b><\/p>\n<p><b>Zorunlu\/Teknik \u00c7erezler: <\/b><span style=\"font-weight: 400;\">Ziyaret etti\u011finiz internet sitesinin d\u00fczg\u00fcn \u015fekilde \u00e7al\u0131\u015fabilmesi i\u00e7in zorunlu \u00e7erezlerdir. Bu t\u00fcr \u00e7erezlerin amac\u0131, sitenin \u00e7al\u0131\u015fmas\u0131n\u0131 sa\u011flamak yoluyla gerekli hizmet sunmakt\u0131r. \u00d6rne\u011fin, internet sitesinin g\u00fcvenli b\u00f6l\u00fcmlerine eri\u015fmeye, \u00f6zelliklerini kullanabilmeye, \u00fczerinde gezinti yapabilmeye olanak verir.<\/span><\/p>\n<p><b>Analitik \u00c7erezler:<\/b><span style=\"font-weight: 400;\"> \u0130nternet sitesinin kullan\u0131m \u015fekli, ziyaret s\u0131kl\u0131\u011f\u0131 ve say\u0131s\u0131, hakk\u0131nda bilgi toplayan ve ziyaret\u00e7ilerin siteye nas\u0131l ge\u00e7ti\u011fini g\u00f6sterirler. Bu t\u00fcr \u00e7erezlerin kullan\u0131m amac\u0131, sitenin i\u015fleyi\u015f bi\u00e7imini iyile\u015ftirerek performans artt\u0131rmak ve genel e\u011filim y\u00f6n\u00fcn\u00fc belirlemektir. Ziyaret\u00e7i kimliklerinin tespitini sa\u011flayabilecek verileri i\u00e7ermezler. \u00d6rne\u011fin, g\u00f6sterilen hata mesaj\u0131 say\u0131s\u0131 veya en \u00e7ok ziyaret edilen sayfalar\u0131 g\u00f6sterirler.<\/span><\/p>\n<p><b>\u0130\u015flevsel\/Fonksiyonel \u00c7erezler:<\/b><span style=\"font-weight: 400;\"> Ziyaret\u00e7inin site i\u00e7erisinde yapt\u0131\u011f\u0131 se\u00e7imleri kaydederek bir sonraki ziyarette hat\u0131rlar. Bu t\u00fcr \u00e7erezlerin amac\u0131 ziyaret\u00e7ilere kullan\u0131m kolayl\u0131\u011f\u0131 sa\u011flamakt\u0131r. \u00d6rne\u011fin, site kullan\u0131c\u0131s\u0131n\u0131n ziyaret etti\u011fi her bir sayfada kullan\u0131c\u0131 \u015fifresini tekrar girmesini \u00f6nler.<\/span><\/p>\n<p><b>Hedefleme\/Reklam \u00c7erezleri:<\/b><span style=\"font-weight: 400;\"> Ziyaret\u00e7ilere sunulan reklamlar\u0131n etkinli\u011finin \u00f6l\u00e7\u00fclmesi ve ka\u00e7 kere izlendi\u011finin hesaplanmas\u0131n\u0131 sa\u011flarlar. Bu t\u00fcr \u00e7erezlerin amac\u0131, ziyaret\u00e7ilerin ilgi alanlar\u0131na \u00f6zelle\u015ftirilmi\u015f reklamlar\u0131n sunulmas\u0131d\u0131r.<\/span><\/p>\n<p><span style=\"font-weight: 400;\">\u0130nternet sitemizde, hedefleme\/reklam \u00e7erezleri kullan\u0131lmamaktad\u0131r.<\/span><\/p>\n<p><span style=\"font-weight: 400;\">\u00a0<\/span><\/p>\n<p><b>\u0130NTERNET S\u0130TEM\u0130ZDE KULLANILAN \u00c7EREZLER<\/b><\/p>\n<table>\n<tbody>\n<tr>\n<td>\n<p><b>\u00c7erez Hizmet Sa\u011flay\u0131c\u0131s\u0131<\/b><\/p>\n<\/td>\n<td>\n<p><b>\u00c7erez \u0130smi<\/b><\/p>\n<\/td>\n<td>\n<p><b>\u00c7erezin Amac\u0131<\/b><\/p>\n<\/td>\n<td>\n<p><b>\u00c7erez Tipi<\/b><\/p>\n<\/td>\n<td>\n<p><b>\u00c7erez S\u00fcresi<\/b><\/p>\n<\/td>\n<\/tr>\n<tr>\n<td>\n<p><span style=\"font-weight: 400;\">Google Analytics<\/span><\/p>\n<\/td>\n<td>\n<p><span style=\"font-weight: 400;\">_ga<\/span><\/p>\n<\/td>\n<td>\n<p><span style=\"font-weight: 400;\">Web sitesi trafi\u011fini analiz etmek<\/span><\/p>\n<\/td>\n<td>\n<p><span style=\"font-weight: 400;\">Performans<\/span><\/p>\n<\/td>\n<td>\n<p><span style=\"font-weight: 400;\">2 y\u0131l<\/span><\/p>\n<\/td>\n<\/tr>\n<tr>\n<td>\n<p><span style=\"font-weight: 400;\">Zorunlu \u00c7erezler<\/span><\/p>\n<\/td>\n<td><\/p>\n<table>\n<tbody>\n<tr>\n<td>\u00a0<\/td>\n<\/tr>\n<\/tbody>\n<\/table>\n<p><span style=\"font-weight: 400;\">\u00a0<\/span><\/p>\n<table>\n<tbody>\n<tr>\n<td>\n<p><span style=\"font-weight: 400;\">PHPSESSID<\/span><\/p>\n<\/td>\n<\/tr>\n<\/tbody>\n<\/table>\n<\/td>\n<td>\n<p><span style=\"font-weight: 400;\">Oturumlar\u0131 y\u00f6netmek i\u00e7in zorunludur<\/span><\/p>\n<\/td>\n<td>\n<p><span style=\"font-weight: 400;\">Gerekli<\/span><\/p>\n<\/td>\n<td>\n<p><span style=\"font-weight: 400;\">Oturum sonu<\/span><\/p>\n<\/td>\n<\/tr>\n<tr>\n<td>\n<p><span style=\"font-weight: 400;\">Woocommerce<\/span><\/p>\n<\/td>\n<td>\n<p><span style=\"font-weight: 400;\">woocommerce_cart_hash<\/span><\/p>\n<\/td>\n<td>\n<p><span style=\"font-weight: 400;\">E-ticaret sepeti verilerini saklamak<\/span><\/p>\n<\/td>\n<td>\n<p><span style=\"font-weight: 400;\">\u0130\u015flevsellik<\/span><\/p>\n<\/td>\n<td>\n<p><span style=\"font-weight: 400;\">Oturum sonu<\/span><\/p>\n<\/td>\n<\/tr>\n<tr>\n<td>\n<p><span style=\"font-weight: 400;\">PayPal<\/span><\/p>\n<\/td>\n<td>\n<p><span style=\"font-weight: 400;\">X-PP-SILOVER<\/span><\/p>\n<\/td>\n<td>\n<p><span style=\"font-weight: 400;\">E-ticaret i\u015flemlerinde \u00f6deme s\u00fcrecini iyile\u015ftirmek<\/span><\/p>\n<\/td>\n<td>\n<p><span style=\"font-weight: 400;\">Gerekli<\/span><\/p>\n<\/td>\n<td>\n<p><span style=\"font-weight: 400;\">Oturum sonu<\/span><\/p>\n<\/td>\n<\/tr>\n<tr>\n<td>\n<p><span style=\"font-weight: 400;\">Kullan\u0131c\u0131 Tercih \u00c7erezleri<\/span><\/p>\n<\/td>\n<td>\n<p><span style=\"font-weight: 400;\">language<\/span><\/p>\n<\/td>\n<td>\n<p><span style=\"font-weight: 400;\">Kullan\u0131c\u0131n\u0131n tercih etti\u011fi dili saklamak<\/span><\/p>\n<\/td>\n<td>\n<p><span style=\"font-weight: 400;\">Tercih \u00c7erezi<\/span><\/p>\n<\/td>\n<td>\n<p><span style=\"font-weight: 400;\">1 y\u0131l<\/span><\/p>\n<\/td>\n<\/tr>\n<\/tbody>\n<\/table>\n<p><span style=\"font-weight: 400;\">\u00a0<\/span><\/p>\n<p><b>\u00c7EREZ TERC\u0130HLER\u0130 NASIL Y\u00d6NET\u0130L\u0130R?<\/b><\/p>\n<p><span style=\"font-weight: 400;\">\u00c7erezlerin kullan\u0131m\u0131na ili\u015fkin tercihlerinizi de\u011fi\u015ftirmek ya da \u00e7erezleri engellemek veya silmek i\u00e7in taray\u0131c\u0131n\u0131z\u0131n ayarlar\u0131n\u0131 de\u011fi\u015ftirmeniz yeterlidir.<\/span><\/p>\n<p><span style=\"font-weight: 400;\">Bir\u00e7ok taray\u0131c\u0131 \u00e7erezleri kontrol edebilmeniz i\u00e7in size \u00e7erezleri kabul etme veya reddetme, yaln\u0131zca belirli t\u00fcrdeki \u00e7erezleri kabul etme ya da bir internet sitesinin cihaz\u0131n\u0131za \u00e7erez depolamay\u0131 talep etti\u011finde taray\u0131c\u0131 taraf\u0131ndan uyar\u0131lma se\u00e7ene\u011fi sunar.<\/span><\/p>\n<p><span style=\"font-weight: 400;\">Ayn\u0131 zamanda, daha \u00f6nce taray\u0131c\u0131n\u0131za kaydedilmi\u015f \u00e7erezlerin silinmesi de m\u00fcmk\u00fcnd\u00fcr.<\/span><\/p>\n<p><span style=\"font-weight: 400;\">\u00c7erezleri devre d\u0131\u015f\u0131 b\u0131rak\u0131r veya reddederseniz, baz\u0131 tercihleri manuel olarak ayarlaman\u0131z gerekebilir, hesab\u0131n\u0131z\u0131 tan\u0131yamayaca\u011f\u0131m\u0131z ve ili\u015fkilendiremeyece\u011fimiz i\u00e7in internet sitesindeki baz\u0131 \u00f6zellikler ve hizmetler d\u00fczg\u00fcn \u00e7al\u0131\u015fmayabilir. Taray\u0131c\u0131n\u0131z\u0131n ayarlar\u0131n\u0131 a\u015fa\u011f\u0131daki tablodan ilgili link\u2019e t\u0131klayarak de\u011fi\u015ftirebilirsiniz.<\/span><\/p>\n<p><span style=\"font-weight: 400;\">Taray\u0131c\u0131 bilgisi ve ba\u011flant\u0131 adresi<\/span><\/p>\n<p><span style=\"font-weight: 400;\">Google Chrome<\/span><\/p>\n<p><a href=\"http:\/\/www.google.com\/support\/chrome\/bin\/answer.py?hl=en&amp;answer=95647\">http:\/\/www.google.com\/support\/chrome\/bin\/answer.py?hl=en&amp;answer=95647<\/a><\/p>\n<p><span style=\"font-weight: 400;\">Internet Explorer<\/span><\/p>\n<p><a href=\"https:\/\/support.microsoft.com\/en-us\/help\/17442\/windows-internet-explorer-delete-manage-cookies\"><span style=\"font-weight: 400;\">https:\/\/support.microsoft.com\/en-us\/help\/17442\/windows-internet-explorer-delete-manage-cookies<\/span><\/a><\/p>\n<p><span style=\"font-weight: 400;\">Mozilla Firefox<\/span><\/p>\n<p><a href=\"http:\/\/support.mozilla.com\/en-US\/kb\/Cookies\"><span style=\"font-weight: 400;\">http:\/\/support.mozilla.com\/en-US\/kb\/Cookies<\/span><\/a><\/p>\n<p><span style=\"font-weight: 400;\">Opera<\/span><\/p>\n<p><a href=\"http:\/\/www.opera.com\/browser\/tutorials\/security\/privacy\/\"><span style=\"font-weight: 400;\">http:\/\/www.opera.com\/browser\/tutorials\/security\/privacy\/<\/span><\/a><\/p>\n<p><span style=\"font-weight: 400;\">Safari<\/span><\/p>\n<p><a href=\"https:\/\/support.apple.com\/kb\/ph19214?\"><span style=\"font-weight: 400;\">https:\/\/support.apple.com\/kb\/ph19214?<\/span><\/a><\/p>\n<p><span style=\"font-weight: 400;\">Microsoft Edge<\/span><\/p>\n<p><a href=\"https:\/\/support.microsoft.com\/tr-tr\/help\/17442\/windows-internet-explorer-delete-manage-cookies\"><span style=\"font-weight: 400;\">https:\/\/support.microsoft.com\/tr-tr\/help\/17442\/windows-internet-explorer-delete-manage-cookies<\/span><\/a><\/p>\n<p>\u00a0<\/p>\n","protected":false},"excerpt":{"rendered":"<p>\u00c7EREZ POL\u0130T\u0130KASI \u00c7erez Nedir? \u00c7erez veya bilinen ismiyle \u201ccookie\u201d, mobil ve masa\u00fcst\u00fc cihazlar kullanarak taray\u0131c\u0131lar \u00fczerinden internet sitelerini ziyaret etti\u011finizde bilgisayar\u0131n\u0131z veya mobil cihaz\u0131n\u0131za (ak\u0131ll\u0131 telefon, tablet gibi) kaydedilen (sabit diskinde saklanan) k\u00fc\u00e7\u00fck metin dosyas\u0131 veya bilgilerdir. Genellikle ziyaret etti\u011finiz internet sitesini kullanman\u0131z s\u0131ras\u0131nda size ki\u015fiselle\u015ftirilmi\u015f bir deneyim sunmak, sunulan hizmetleri geli\u015ftirmek ve deneyiminizi iyile\u015ftirmek [&#8230;]\n","protected":false},"author":1,"featured_media":0,"parent":0,"menu_order":0,"comment_status":"closed","ping_status":"closed","template":"","meta":{"footnotes":""},"class_list":["post-1376","page","type-page","status-publish","hentry"],"_links":{"self":[{"href":"https:\/\/kozmokimya.com\/tr\/wp-json\/wp\/v2\/pages\/1376","targetHints":{"allow":["GET"]}}],"collection":[{"href":"https:\/\/kozmokimya.com\/tr\/wp-json\/wp\/v2\/pages"}],"about":[{"href":"https:\/\/kozmokimya.com\/tr\/wp-json\/wp\/v2\/types\/page"}],"author":[{"embeddable":true,"href":"https:\/\/kozmokimya.com\/tr\/wp-json\/wp\/v2\/users\/1"}],"replies":[{"embeddable":true,"href":"https:\/\/kozmokimya.com\/tr\/wp-json\/wp\/v2\/comments?post=1376"}],"version-history":[{"count":2,"href":"https:\/\/kozmokimya.com\/tr\/wp-json\/wp\/v2\/pages\/1376\/revisions"}],"predecessor-version":[{"id":1574,"href":"https:\/\/kozmokimya.com\/tr\/wp-json\/wp\/v2\/pages\/1376\/revisions\/1574"}],"wp:attachment":[{"href":"https:\/\/kozmokimya.com\/tr\/wp-json\/wp\/v2\/media?parent=1376"}],"curies":[{"name":"wp","href":"https:\/\/api.w.org\/{rel}","templated":true}]}}