{"id":1394,"date":"2022-01-14T21:37:54","date_gmt":"2022-01-14T18:37:54","guid":{"rendered":"https:\/\/kozmokimya.com\/tr\/?page_id=1394"},"modified":"2025-04-08T12:52:41","modified_gmt":"2025-04-08T09:52:41","slug":"kvkk","status":"publish","type":"page","link":"https:\/\/kozmokimya.com\/tr\/kvkk\/","title":{"rendered":"KVKK"},"content":{"rendered":"\t<section class=\"section\" id=\"section_416302676\">\n\t\t<div class=\"bg section-bg fill bg-fill  bg-loaded\" >\n\n\t\t\t\n\t\t\t\n\t\t\t\n\n\t\t<\/div>\n\n\t\t<div class=\"section-content relative\">\n\t\t\t\n\t<div id=\"gap-91321745\" class=\"gap-element clearfix\" style=\"display:block; height:auto;\">\n\t\t\n<style>\n#gap-91321745 {\n  padding-top: 30px;\n}\n<\/style>\n\t<\/div>\n\t\n<div class=\"container section-title-container\" ><h3 class=\"section-title section-title-normal\"><b><\/b><span class=\"section-title-main\" style=\"color:rgb(255, 255, 255);\">KVKK<\/span><b><\/b><\/h3><\/div>\n\t\t<\/div>\n\n\t\t\n<style>\n#section_416302676 {\n  padding-top: 0px;\n  padding-bottom: 0px;\n  background-color: rgb(0,0,0);\n}\n<\/style>\n\t<\/section>\n\t\n\t<section class=\"section\" id=\"section_1065518278\">\n\t\t<div class=\"bg section-bg fill bg-fill  bg-loaded\" >\n\n\t\t\t\n\t\t\t\n\t\t\t\n\n\t\t<\/div>\n\n\t\t<div class=\"section-content relative\">\n\t\t\t\n<div class=\"row align-equal\"  id=\"row-1244503421\">\n\n\t<div id=\"col-2014082594\" class=\"col medium-4 small-12 large-4\"  >\n\t\t\t\t<div class=\"col-inner text-center dark\" style=\"background-color:#db1919;\" >\n\t\t\t\n\t\t\t\n<p class=\"lead\"><a href=\"https:\/\/kozmokimya.com\/tr\/kisisel-veri-saklama-ve-imha-politikasi\/\">Ki\u015fisel Veri Saklama ve \u0130mha Politikas\u0131<\/a><\/p>\n\t\t<\/div>\n\t\t\t\t\n<style>\n#col-2014082594 > .col-inner {\n  padding: 70px 55px 55px 55px;\n  border-radius: 5px;\n}\n<\/style>\n\t<\/div>\n\n\t\n\n\t<div id=\"col-1196419851\" class=\"col medium-4 small-12 large-4\"  >\n\t\t\t\t<div class=\"col-inner text-center dark\" style=\"background-color:#db1919;\" >\n\t\t\t\n\t\t\t\n<p class=\"lead\"><a href=\"https:\/\/kozmokimya.com\/tr\/musteri-aydinlatma-metni-ve-acik-riza-beyani\/\">M\u00fc\u015fteri Ayd\u0131nlatma Metni<\/a><\/p>\n\t\t<\/div>\n\t\t\t\t\n<style>\n#col-1196419851 > .col-inner {\n  padding: 70px 55px 55px 55px;\n  border-radius: 5px;\n}\n<\/style>\n\t<\/div>\n\n\t\n\n\t<div id=\"col-2021504513\" class=\"col medium-4 small-12 large-4\"  >\n\t\t\t\t<div class=\"col-inner text-center dark\" style=\"background-color:#db1919;\" >\n\t\t\t\n\t\t\t\n<p class=\"lead\"><a href=\"https:\/\/kozmokimya.com\/tr\/tasiyan-aydinlatma-metni-ve-acik-riza-beyani\/\">Ta\u015f\u0131yan Ayd\u0131nlatma Metni ve A\u00e7\u0131k R\u0131za Beyan\u0131<\/a><\/p>\n\t\t<\/div>\n\t\t\t\t\n<style>\n#col-2021504513 > .col-inner {\n  padding: 70px 55px 55px 55px;\n  border-radius: 5px;\n}\n<\/style>\n\t<\/div>\n\n\t\n\n\t<div id=\"col-400875793\" class=\"col medium-4 small-12 large-4\"  >\n\t\t\t\t<div class=\"col-inner text-center dark\" style=\"background-color:#db1919;\" >\n\t\t\t\n\t\t\t\n<p class=\"lead\"><a href=\"https:\/\/kozmokimya.com\/tr\/calisan-aydinlatma-metni-ve-acik-riza-beyani\/\">\u00c7al\u0131\u015fan Ayd\u0131nlatma Metni ve A\u00e7\u0131k R\u0131za Beyan\u0131<\/a><\/p>\n\t\t<\/div>\n\t\t\t\t\n<style>\n#col-400875793 > .col-inner {\n  padding: 70px 55px 55px 55px;\n  border-radius: 5px;\n}\n<\/style>\n\t<\/div>\n\n\t\n\n\t<div id=\"col-1934688467\" class=\"col medium-4 small-12 large-4\"  >\n\t\t\t\t<div class=\"col-inner text-center dark\" style=\"background-color:#db1919;\" >\n\t\t\t\n\t\t\t\n<p class=\"lead\">\u00a0<a href=\"https:\/\/kozmokimya.com\/tr\/tedarikci-gizlilik-taahhutnamesi-aydinlatma-metni-ve-acik-riza-beyani\/\">Tedarik\u00e7i Gizlilik Taahh\u00fctnamesi, Ayd\u0131nlatma Metni ve A\u00e7\u0131k R\u0131za Beyan<\/a><\/p>\n\t\t<\/div>\n\t\t\t\t\n<style>\n#col-1934688467 > .col-inner {\n  padding: 70px 55px 55px 55px;\n  border-radius: 5px;\n}\n<\/style>\n\t<\/div>\n\n\t\n\n\t<div id=\"col-1305852554\" class=\"col medium-4 small-12 large-4\"  >\n\t\t\t\t<div class=\"col-inner text-center dark\" style=\"background-color:#db1919;\" >\n\t\t\t\n\t\t\t\n<p class=\"lead\"><a href=\"https:\/\/kozmokimya.com\/tr\/internet-sitesi-cerez-aydinlatma-metni\/\">\u00c7erez <br \/>Politikas\u0131<\/a><\/p>\n\t\t<\/div>\n\t\t\t\t\n<style>\n#col-1305852554 > .col-inner {\n  padding: 70px 55px 55px 55px;\n  border-radius: 5px;\n}\n<\/style>\n\t<\/div>\n\n\t\n\n\t<div id=\"col-1121709423\" class=\"col medium-4 small-12 large-4\"  >\n\t\t\t\t<div class=\"col-inner text-center dark\" style=\"background-color:#db1919;\" >\n\t\t\t\n\t\t\t\n<p class=\"lead\">\u00a0<a href=\"https:\/\/kozmokimya.com\/tr\/kamera-kayit-sistemleri-aydinlatma-metni\/\">Kamera Kay\u0131t Sistemleri Ayd\u0131nlatma Metni<\/a><\/p>\n\t\t<\/div>\n\t\t\t\t\n<style>\n#col-1121709423 > .col-inner {\n  padding: 70px 55px 55px 55px;\n  border-radius: 5px;\n}\n<\/style>\n\t<\/div>\n\n\t\n\n\t<div id=\"col-373500537\" class=\"col medium-4 small-12 large-4\"  >\n\t\t\t\t<div class=\"col-inner text-center dark\" style=\"background-color:#db1919;\" >\n\t\t\t\n\t\t\t\n<p class=\"lead\"><a href=\"https:\/\/kozmokimya.com\/tr\/kisisel-veri-sahibi-basvuru-formu\/\"><span data-teams=\"true\">\u0130lgili Ki\u015fi <br \/>Ba\u015fvuru Formu<\/span><\/a><\/p>\n\t\t<\/div>\n\t\t\t\t\n<style>\n#col-373500537 > .col-inner {\n  padding: 70px 55px 55px 55px;\n  border-radius: 5px;\n}\n<\/style>\n\t<\/div>\n\n\t\n\n\t<div id=\"col-1882202187\" class=\"col medium-4 small-12 large-4\"  >\n\t\t\t\t<div class=\"col-inner text-center dark\" style=\"background-color:#db1919;\" >\n\t\t\t\n\t\t\t\n<p class=\"lead\"><a href=\"https:\/\/kozmokimya.com\/tr\/acik-riza-beyani\/\"><span data-teams=\"true\">A\u00e7\u0131k R\u0131za Beyan\u0131<\/span><\/a><\/p>\n\t\t<\/div>\n\t\t\t\t\n<style>\n#col-1882202187 > .col-inner {\n  padding: 70px 55px 55px 55px;\n  border-radius: 5px;\n}\n<\/style>\n\t<\/div>\n\n\t\n<\/div>\n\t\t<\/div>\n\n\t\t\n<style>\n#section_1065518278 {\n  padding-top: 30px;\n  padding-bottom: 30px;\n}\n<\/style>\n\t<\/section>\n\t\n","protected":false},"excerpt":{"rendered":"","protected":false},"author":1,"featured_media":0,"parent":0,"menu_order":0,"comment_status":"closed","ping_status":"closed","template":"page-blank.php","meta":{"footnotes":""},"class_list":["post-1394","page","type-page","status-publish","hentry"],"_links":{"self":[{"href":"https:\/\/kozmokimya.com\/tr\/wp-json\/wp\/v2\/pages\/1394","targetHints":{"allow":["GET"]}}],"collection":[{"href":"https:\/\/kozmokimya.com\/tr\/wp-json\/wp\/v2\/pages"}],"about":[{"href":"https:\/\/kozmokimya.com\/tr\/wp-json\/wp\/v2\/types\/page"}],"author":[{"embeddable":true,"href":"https:\/\/kozmokimya.com\/tr\/wp-json\/wp\/v2\/users\/1"}],"replies":[{"embeddable":true,"href":"https:\/\/kozmokimya.com\/tr\/wp-json\/wp\/v2\/comments?post=1394"}],"version-history":[{"count":11,"href":"https:\/\/kozmokimya.com\/tr\/wp-json\/wp\/v2\/pages\/1394\/revisions"}],"predecessor-version":[{"id":1570,"href":"https:\/\/kozmokimya.com\/tr\/wp-json\/wp\/v2\/pages\/1394\/revisions\/1570"}],"wp:attachment":[{"href":"https:\/\/kozmokimya.com\/tr\/wp-json\/wp\/v2\/media?parent=1394"}],"curies":[{"name":"wp","href":"https:\/\/api.w.org\/{rel}","templated":true}]}}