{"id":14,"date":"2021-07-06T16:28:10","date_gmt":"2021-07-06T13:28:10","guid":{"rendered":"https:\/\/kozmokimya.com\/tr\/?page_id=14"},"modified":"2026-02-04T10:03:48","modified_gmt":"2026-02-04T07:03:48","slug":"hakkimizda","status":"publish","type":"page","link":"https:\/\/kozmokimya.com\/tr\/hakkimizda\/","title":{"rendered":"Hakk\u0131m\u0131zda"},"content":{"rendered":"\t<section class=\"section\" id=\"section_2116833292\">\n\t\t<div class=\"bg section-bg fill bg-fill  bg-loaded\" >\n\n\t\t\t\n\t\t\t\n\t\t\t\n\n\t\t<\/div>\n\n\t\t<div class=\"section-content relative\">\n\t\t\t\n<div class=\"row row-small align-equal\"  id=\"row-212091016\">\n\n\t<div id=\"col-933091856\" class=\"col small-12 large-12\"  >\n\t\t\t\t<div class=\"col-inner\"  >\n\t\t\t\n\t\t\t\n\n\t\t<div class=\"tabbed-content\">\n\t\t\t\n\t\t\t<ul class=\"nav nav-tabs nav-vertical nav-uppercase nav-size-normal nav-left\"><li class=\"tab active has-icon\"><a href=\"#tab_hakk\u0131m\u0131zda\"><span>Hakk\u0131m\u0131zda<\/span><\/a><\/li>\n<li class=\"tab has-icon\"><a href=\"#tab_misyon\"><span>Misyon<\/span><\/a><\/li>\n<li class=\"tab has-icon\"><a href=\"#tab_vizyon\"><span>Vizyon<\/span><\/a><\/li><\/ul><div class=\"tab-panels\"><div class=\"panel active entry-content\" id=\"tab_hakk\u0131m\u0131zda\">\n\t<div class=\"img has-hover x md-x lg-x y md-y lg-y\" id=\"image_1905858161\">\n\t\t\t\t\t\t\t\t<div class=\"img-inner dark\" >\n\t\t\t<img loading=\"lazy\" decoding=\"async\" width=\"1000\" height=\"400\" src=\"https:\/\/kozmokimya.com\/tr\/wp-content\/uploads\/2021\/08\/Kurumsal-Hakkimizda.jpg\" class=\"attachment-large size-large\" alt=\"Kurumsal Hakk\u0131m\u0131zda\" srcset=\"https:\/\/kozmokimya.com\/tr\/wp-content\/uploads\/2021\/08\/Kurumsal-Hakkimizda.jpg 1000w, https:\/\/kozmokimya.com\/tr\/wp-content\/uploads\/2021\/08\/Kurumsal-Hakkimizda-900x360.jpg 900w, https:\/\/kozmokimya.com\/tr\/wp-content\/uploads\/2021\/08\/Kurumsal-Hakkimizda-300x120.jpg 300w, https:\/\/kozmokimya.com\/tr\/wp-content\/uploads\/2021\/08\/Kurumsal-Hakkimizda-768x307.jpg 768w\" sizes=\"auto, (max-width: 1000px) 100vw, 1000px\" \/>\t\t\t\t\t\t\n\t\t\t\t\t<\/div>\n\t\t\t\t\t\t\t\t\n<style>\n#image_1905858161 {\n  width: 100%;\n}\n<\/style>\n\t<\/div>\n\t\n\t<div id=\"gap-280772852\" class=\"gap-element clearfix\" style=\"display:block; height:auto;\">\n\t\t\n<style>\n#gap-280772852 {\n  padding-top: 30px;\n}\n<\/style>\n\t<\/div>\n\t\n<p>kozmokimya.com KOZMO K\u0130MYA SAN. VE DI\u015e.T\u0130C.LTD.\u015eT\u0130 \u015firketine aittir.<\/p>\n<p><strong>Kozmo Kimya<\/strong> Aerosol sekt\u00f6r\u00fcnde b\u00fct\u00fcn Avrupa\u2019da pazar\u0131nda ilk 5 \u015firket aras\u0131nda yer almakta olup, T\u00fcrkiye\u2019deki en b\u00fcy\u00fck dolum kapasitesine sahip firmad\u0131r.<\/p>\n<p>GMP ve ISO sertifikalar\u0131na sahip firmam\u0131zda 7 Kimya M\u00fchendisi bulunmaktad\u0131r. M\u00fchendislerimizden 3\u2019\u00fc s\u00fcrekli olarak arge \u00e7al\u0131\u015fmalar\u0131 yapmaktad\u0131r.<\/p>\n<p>Had\u0131mk\u00f6y ve \u00c7orlu\u2019da iki farkl\u0131 fabrikaya sahip olmakla birlikte g\u00fcnl\u00fck aerosol \u00fcretimimiz 700000 adedi bulmaktad\u0131r.<\/p>\n<p>Carrefour , Tesco , Aldi , Auchan , Metro , Delhaize , Scarmark gibi Avrupa\u2019n\u0131n en b\u00fcy\u00fck zincir ma\u011fazalar\u0131yla \u00e7al\u0131\u015fmaktay\u0131z ve bu firmalar\u0131n ana tedarik\u00e7isi olarak hizmet etmekteyiz.<\/p>\n<p>Kozmo Kimya en son teknoloji Terco dolum makinas\u0131na sahip olup, \u00fcr\u00fcnlerimizi otomatik olarak \u00fcretilmektedir.<\/p>\n<p>\u00dcr\u00fcnlerimiz otomatik \u00f6l\u00e7\u00fcmlerle \u00f6zenle tart\u0131ld\u0131ktan sonra su banyosunda test edilir ve \u00fcretim hatt\u0131na g\u00f6nderilir.<\/p>\n<p>D\u00fcnya Sa\u011fl\u0131k \u00d6r\u011f\u00fct\u00fc (WHO) Avrupa Aerosol Federasyonu (FEA) ve T.C Sa\u011fl\u0131k Bakanl\u0131\u011f\u0131 standartlar\u0131na uygun ; i\u015f g\u00fcvenli\u011fi, i\u015fci sa\u011fl\u0131\u011f\u0131na ve \u00e7evreye duyarl\u0131 \u00fcretim yapmaktad\u0131r.<\/p>\n<p>Kozmo zamanla ilerlemeye ve en son aerosol teknolojisiyle yar\u0131\u015fmaya devam edecektir.<\/p>\n<\/div>\n<div class=\"panel entry-content\" id=\"tab_misyon\">\n\t<div id=\"gap-1563593686\" class=\"gap-element clearfix\" style=\"display:block; height:auto;\">\n\t\t\n<style>\n#gap-1563593686 {\n  padding-top: 30px;\n}\n<\/style>\n\t<\/div>\n\t\n<p>Kozmo Kimya\u2019 n\u0131n misyonu, t\u00fcm D\u00fcnya markalar\u0131yla rekabet eden mevcut konumunu g\u00fc\u00e7lendirmek ve sa\u011flad\u0131\u011f\u0131 istihdam ile \u00fclke kalk\u0131nmas\u0131na katk\u0131 sa\u011flay\u0131p t\u00fcm D\u00fcnya pazarlar\u0131nda en iyi \u015fekilde temsil etmektedir.<\/p>\n<\/div>\n<div class=\"panel entry-content\" id=\"tab_vizyon\">\n\t<div id=\"gap-1176905425\" class=\"gap-element clearfix\" style=\"display:block; height:auto;\">\n\t\t\n<style>\n#gap-1176905425 {\n  padding-top: 30px;\n}\n<\/style>\n\t<\/div>\n\t\n<p style=\"font-weight: 400;\">Kozmo kimya olarak vizyonumuz ; m\u00fc\u015fteri beklentilerini do\u011fru anlay\u0131p, beklentilerini kar\u015f\u0131layarak her zaman m\u00fc\u015fterinin hakl\u0131 oldu\u011funu d\u00fc\u015f\u00fcnerek\u00a0 g\u00fcler y\u00fczl\u00fc, h\u0131zl\u0131 sorunlar\u0131 an\u0131nda \u00e7\u00f6z\u00fcc\u00fc yakla\u015f\u0131mlarla m\u00fc\u015fterilerin firmam\u0131za g\u00fcvenini tam sa\u011flay\u0131p, m\u00fc\u015fteri mennuniyetini uzun sureli i\u015f birli\u011fini \u00a0eksiksiz s\u00fcrd\u00fcrmek.<\/p>\n<p style=\"font-weight: 400;\">\u00c7a\u011fda\u015f teknolojiyi kullanarak, hizmet kapasitemizi geni\u015fletip\u00a0 i\u00e7 ve d\u0131\u015f pazarda \u015eirket ve Marka \u0130maj\u0131m\u0131z\u0131n artmas\u0131n\u0131 sa\u011flay\u0131p kalite y\u00f6netim sistemleri \u00e7er\u00e7evesinde s\u00fcrekli iyile\u015fme ile kal\u0131c\u0131 ve ilerleyen ba\u015far\u0131lara ula\u015fmakt\u0131r.<\/p>\n<\/div><\/div><\/div>\n\t\t<\/div>\n\t\t\t\t\t<\/div>\n\n\t\n<\/div>\n\t\t<\/div>\n\n\t\t\n<style>\n#section_2116833292 {\n  padding-top: 30px;\n  padding-bottom: 30px;\n}\n<\/style>\n\t<\/section>\n\t\n","protected":false},"excerpt":{"rendered":"","protected":false},"author":1,"featured_media":0,"parent":0,"menu_order":0,"comment_status":"closed","ping_status":"closed","template":"page-blank.php","meta":{"footnotes":""},"class_list":["post-14","page","type-page","status-publish","hentry"],"_links":{"self":[{"href":"https:\/\/kozmokimya.com\/tr\/wp-json\/wp\/v2\/pages\/14","targetHints":{"allow":["GET"]}}],"collection":[{"href":"https:\/\/kozmokimya.com\/tr\/wp-json\/wp\/v2\/pages"}],"about":[{"href":"https:\/\/kozmokimya.com\/tr\/wp-json\/wp\/v2\/types\/page"}],"author":[{"embeddable":true,"href":"https:\/\/kozmokimya.com\/tr\/wp-json\/wp\/v2\/users\/1"}],"replies":[{"embeddable":true,"href":"https:\/\/kozmokimya.com\/tr\/wp-json\/wp\/v2\/comments?post=14"}],"version-history":[{"count":11,"href":"https:\/\/kozmokimya.com\/tr\/wp-json\/wp\/v2\/pages\/14\/revisions"}],"predecessor-version":[{"id":1594,"href":"https:\/\/kozmokimya.com\/tr\/wp-json\/wp\/v2\/pages\/14\/revisions\/1594"}],"wp:attachment":[{"href":"https:\/\/kozmokimya.com\/tr\/wp-json\/wp\/v2\/media?parent=14"}],"curies":[{"name":"wp","href":"https:\/\/api.w.org\/{rel}","templated":true}]}}