{"id":18,"date":"2021-07-06T16:28:54","date_gmt":"2021-07-06T13:28:54","guid":{"rendered":"https:\/\/kozmokimya.com\/tr\/?page_id=18"},"modified":"2024-02-27T11:07:10","modified_gmt":"2024-02-27T08:07:10","slug":"iletisim","status":"publish","type":"page","link":"https:\/\/kozmokimya.com\/tr\/iletisim\/","title":{"rendered":"\u0130leti\u015fim"},"content":{"rendered":"\t<section class=\"section\" id=\"section_2031538736\">\n\t\t<div class=\"bg section-bg fill bg-fill  bg-loaded\" >\n\n\t\t\t\n\t\t\t\n\t\t\t\n\n\t\t<\/div>\n\n\t\t<div class=\"section-content relative\">\n\t\t\t\n<div class=\"row row-full-width\"  id=\"row-832749088\">\n\n\t<div id=\"col-1832782967\" class=\"col medium-6 small-12 large-6\"  >\n\t\t\t\t<div class=\"col-inner\"  >\n\t\t\t\n\t\t\t\n<div class=\"container section-title-container\" ><h3 class=\"section-title section-title-normal\"><b><\/b><span class=\"section-title-main\" style=\"font-size:80%;\">Merkez Ofis<\/span><b><\/b><\/h3><\/div>\n<p><iframe src=\"https:\/\/www.google.com\/maps\/embed?pb=!1m14!1m8!1m3!1d12040.879627865648!2d28.6307631!3d41.0204446!3m2!1i1024!2i768!4f13.1!3m3!1m2!1s0x0%3A0x1022d12ec3dc0df7!2sKozmo%20Kimya!5e0!3m2!1str!2str!4v1627992476037!5m2!1str!2str\" width=\"100%\" height=\"350\" style=\"border:0;\" allowfullscreen=\"\" loading=\"lazy\"><\/iframe><\/p>\n\t\t<\/div>\n\t\t\t\t\t<\/div>\n\n\t\n\n\t<div id=\"col-151092794\" class=\"col medium-6 small-12 large-6\"  >\n\t\t\t\t<div class=\"col-inner\"  >\n\t\t\t\n\t\t\t\n<div class=\"container section-title-container\" ><h3 class=\"section-title section-title-normal\"><b><\/b><span class=\"section-title-main\" style=\"font-size:80%;\">FABR\u0130KA<\/span><b><\/b><\/h3><\/div>\n<p><iframe src=\"https:\/\/www.google.com\/maps\/embed?pb=!1m18!1m12!1m3!1d769558.5006059248!2d27.6804630810219!3d41.110771478945416!2m3!1f0!2f0!3f0!3m2!1i1024!2i768!4f13.1!3m3!1m2!1s0x14b4de14b8cebd9d%3A0x463b722a5660d6b1!2sKozmo%20Kimya!5e0!3m2!1str!2str!4v1639568262796!5m2!1str!2str\" width=\"1000\" height=\"350\" style=\"border:0;\" allowfullscreen=\"\" loading=\"lazy\"><\/iframe><\/p>\n\t\t<\/div>\n\t\t\t\t\t<\/div>\n\n\t\n<\/div>\n\t\t<\/div>\n\n\t\t\n<style>\n#section_2031538736 {\n  padding-top: 30px;\n  padding-bottom: 30px;\n}\n<\/style>\n\t<\/section>\n\t\n\t<section class=\"section\" id=\"section_93340351\">\n\t\t<div class=\"bg section-bg fill bg-fill  bg-loaded\" >\n\n\t\t\t\n\t\t\t\n\t\t\t\n\n\t\t<\/div>\n\n\t\t<div class=\"section-content relative\">\n\t\t\t\n<div class=\"row row-small align-equal\"  id=\"row-752207417\">\n\n\t<div id=\"col-1140942810\" class=\"col medium-6 small-12 large-6\"  >\n\t\t\t\t<div class=\"col-inner\" style=\"background-color:rgb(248, 248, 248);\" >\n\t\t\t\n\t\t\t\n<div class=\"container section-title-container\" ><h4 class=\"section-title section-title-normal\"><b><\/b><span class=\"section-title-main\" >\u0130leti\u015fim Bilgileri<\/span><b><\/b><\/h4><\/div>\n\n\t\t<div class=\"icon-box featured-box icon-box-left text-left\"  >\n\t\t\t\t\t<div class=\"icon-box-img has-icon-bg\" style=\"width: 50px\">\n\t\t\t\t<div class=\"icon\">\n\t\t\t\t\t<div class=\"icon-inner\" style=\"border-width:2px;color:rgb(226, 0, 0);\">\n\t\t\t\t\t\t<?xml version=\"1.0\" encoding=\"iso-8859-1\"?>\r\n<!-- Generator: Adobe Illustrator 19.0.0, SVG Export Plug-In . SVG Version: 6.00 Build 0)  -->\r\n<svg version=\"1.1\" id=\"Layer_1\" xmlns=\"http:\/\/www.w3.org\/2000\/svg\" xmlns:xlink=\"http:\/\/www.w3.org\/1999\/xlink\" x=\"0px\" y=\"0px\"\r\n\t viewBox=\"0 0 512 512\" style=\"enable-background:new 0 0 512 512;\" xml:space=\"preserve\">\r\n<g>\r\n\t<g>\r\n\t\t<path d=\"M256,0C153.755,0,70.573,83.182,70.573,185.426c0,126.888,165.939,313.167,173.004,321.035\r\n\t\t\tc6.636,7.391,18.222,7.378,24.846,0c7.065-7.868,173.004-194.147,173.004-321.035C441.425,83.182,358.244,0,256,0z M256,469.729\r\n\t\t\tc-55.847-66.338-152.035-197.217-152.035-284.301c0-83.834,68.202-152.036,152.035-152.036s152.035,68.202,152.035,152.035\r\n\t\t\tC408.034,272.515,311.861,403.37,256,469.729z\"\/>\r\n\t<\/g>\r\n<\/g>\r\n<g>\r\n\t<g>\r\n\t\t<path d=\"M256,92.134c-51.442,0-93.292,41.851-93.292,93.293s41.851,93.293,93.292,93.293s93.291-41.851,93.291-93.293\r\n\t\t\tS307.441,92.134,256,92.134z M256,245.328c-33.03,0-59.9-26.871-59.9-59.901s26.871-59.901,59.9-59.901s59.9,26.871,59.9,59.901\r\n\t\t\tS289.029,245.328,256,245.328z\"\/>\r\n\t<\/g>\r\n<\/g>\r\n<g>\r\n<\/g>\r\n<g>\r\n<\/g>\r\n<g>\r\n<\/g>\r\n<g>\r\n<\/g>\r\n<g>\r\n<\/g>\r\n<g>\r\n<\/g>\r\n<g>\r\n<\/g>\r\n<g>\r\n<\/g>\r\n<g>\r\n<\/g>\r\n<g>\r\n<\/g>\r\n<g>\r\n<\/g>\r\n<g>\r\n<\/g>\r\n<g>\r\n<\/g>\r\n<g>\r\n<\/g>\r\n<g>\r\n<\/g>\r\n<\/svg>\r\n\t\t\t\t\t<\/div>\n\t\t\t\t<\/div>\n\t\t\t<\/div>\n\t\t\t\t<div class=\"icon-box-text last-reset\">\n\t\t\t\t\t\t\t\t\t\n<h3>Merkez Ofis:<\/h3>\n<p>G\u00f6kevler Mah. 2312 Sk. Ginza Corner Plaza No:16 D: 29 Postal Code : 34522\u00a0 Esenyurt \/ ISTANBUL<\/p>\n\t\t<\/div>\n\t<\/div>\n\t\n\t\n\t<div id=\"gap-295543422\" class=\"gap-element clearfix\" style=\"display:block; height:auto;\">\n\t\t\n<style>\n#gap-295543422 {\n  padding-top: 15px;\n}\n<\/style>\n\t<\/div>\n\t\n\n\t\t<div class=\"icon-box featured-box icon-box-left text-left\"  >\n\t\t\t\t\t<div class=\"icon-box-img has-icon-bg\" style=\"width: 50px\">\n\t\t\t\t<div class=\"icon\">\n\t\t\t\t\t<div class=\"icon-inner\" style=\"border-width:2px;color:rgb(226, 0, 0);\">\n\t\t\t\t\t\t<?xml version=\"1.0\" encoding=\"iso-8859-1\"?>\r\n<!-- Generator: Adobe Illustrator 19.0.0, SVG Export Plug-In . SVG Version: 6.00 Build 0)  -->\r\n<svg version=\"1.1\" id=\"Layer_1\" xmlns=\"http:\/\/www.w3.org\/2000\/svg\" xmlns:xlink=\"http:\/\/www.w3.org\/1999\/xlink\" x=\"0px\" y=\"0px\"\r\n\t viewBox=\"0 0 512 512\" style=\"enable-background:new 0 0 512 512;\" xml:space=\"preserve\">\r\n<g>\r\n\t<g>\r\n\t\t<path d=\"M256,0C153.755,0,70.573,83.182,70.573,185.426c0,126.888,165.939,313.167,173.004,321.035\r\n\t\t\tc6.636,7.391,18.222,7.378,24.846,0c7.065-7.868,173.004-194.147,173.004-321.035C441.425,83.182,358.244,0,256,0z M256,469.729\r\n\t\t\tc-55.847-66.338-152.035-197.217-152.035-284.301c0-83.834,68.202-152.036,152.035-152.036s152.035,68.202,152.035,152.035\r\n\t\t\tC408.034,272.515,311.861,403.37,256,469.729z\"\/>\r\n\t<\/g>\r\n<\/g>\r\n<g>\r\n\t<g>\r\n\t\t<path d=\"M256,92.134c-51.442,0-93.292,41.851-93.292,93.293s41.851,93.293,93.292,93.293s93.291-41.851,93.291-93.293\r\n\t\t\tS307.441,92.134,256,92.134z M256,245.328c-33.03,0-59.9-26.871-59.9-59.901s26.871-59.901,59.9-59.901s59.9,26.871,59.9,59.901\r\n\t\t\tS289.029,245.328,256,245.328z\"\/>\r\n\t<\/g>\r\n<\/g>\r\n<g>\r\n<\/g>\r\n<g>\r\n<\/g>\r\n<g>\r\n<\/g>\r\n<g>\r\n<\/g>\r\n<g>\r\n<\/g>\r\n<g>\r\n<\/g>\r\n<g>\r\n<\/g>\r\n<g>\r\n<\/g>\r\n<g>\r\n<\/g>\r\n<g>\r\n<\/g>\r\n<g>\r\n<\/g>\r\n<g>\r\n<\/g>\r\n<g>\r\n<\/g>\r\n<g>\r\n<\/g>\r\n<g>\r\n<\/g>\r\n<\/svg>\r\n\t\t\t\t\t<\/div>\n\t\t\t\t<\/div>\n\t\t\t<\/div>\n\t\t\t\t<div class=\"icon-box-text last-reset\">\n\t\t\t\t\t\t\t\t\t\n<h3>Fabrika:<\/h3>\n<p><span style=\"color: #333333;\">Velime\u015fe Organize Sanayi B\u00f6lgesi 212. Sok. No :1\/1<\/span><br \/><span style=\"color: #333333;\">Ergene \/ Tekirda\u011f \/ T\u00fcrkiye<\/span><\/p>\n\t\t<\/div>\n\t<\/div>\n\t\n\t\n\t<div id=\"gap-1668002146\" class=\"gap-element clearfix\" style=\"display:block; height:auto;\">\n\t\t\n<style>\n#gap-1668002146 {\n  padding-top: 15px;\n}\n<\/style>\n\t<\/div>\n\t\n\n\t\t<div class=\"icon-box featured-box icon-box-left text-left\"  >\n\t\t\t\t\t<div class=\"icon-box-img has-icon-bg\" style=\"width: 50px\">\n\t\t\t\t<div class=\"icon\">\n\t\t\t\t\t<div class=\"icon-inner\" style=\"border-width:2px;color:rgb(226, 0, 0);\">\n\t\t\t\t\t\t<svg id=\"Layer_1\" enable-background=\"new 0 0 512.021 512.021\" height=\"512\" viewBox=\"0 0 512.021 512.021\" width=\"512\" xmlns=\"http:\/\/www.w3.org\/2000\/svg\"><g><path d=\"m367.988 512.021c-16.528 0-32.916-2.922-48.941-8.744-70.598-25.646-136.128-67.416-189.508-120.795s-95.15-118.91-120.795-189.508c-8.241-22.688-10.673-46.108-7.226-69.612 3.229-22.016 11.757-43.389 24.663-61.809 12.963-18.501 30.245-33.889 49.977-44.5 21.042-11.315 44.009-17.053 68.265-17.053 7.544 0 14.064 5.271 15.645 12.647l25.114 117.199c1.137 5.307-.494 10.829-4.331 14.667l-42.913 42.912c40.482 80.486 106.17 146.174 186.656 186.656l42.912-42.913c3.838-3.837 9.361-5.466 14.667-4.331l117.199 25.114c7.377 1.581 12.647 8.101 12.647 15.645 0 24.256-5.738 47.224-17.054 68.266-10.611 19.732-25.999 37.014-44.5 49.977-18.419 12.906-39.792 21.434-61.809 24.663-6.899 1.013-13.797 1.518-20.668 1.519zm-236.349-479.321c-31.995 3.532-60.393 20.302-79.251 47.217-21.206 30.265-26.151 67.49-13.567 102.132 49.304 135.726 155.425 241.847 291.151 291.151 34.641 12.584 71.866 7.64 102.132-13.567 26.915-18.858 43.685-47.256 47.217-79.251l-95.341-20.43-44.816 44.816c-4.769 4.769-12.015 6.036-18.117 3.168-95.19-44.72-172.242-121.772-216.962-216.962-2.867-6.103-1.601-13.349 3.168-18.117l44.816-44.816z\"\/><\/g><\/svg>\t\t\t\t\t<\/div>\n\t\t\t\t<\/div>\n\t\t\t<\/div>\n\t\t\t\t<div class=\"icon-box-text last-reset\">\n\t\t\t\t\t\t\t\t\t\n<h3>Telefon:<\/h3>\n<p><span style=\"color: #333333;\"><strong>Ofis<\/strong>: <a style=\"color: #333333;\" href=\"tel:\/\/+902127712211\">+90 (212) 771 22 11<\/a><\/span><br \/><span style=\"color: #333333;\"><strong>Ofis Mobil:<\/strong> <a style=\"color: #333333;\" href=\"tel:\/\/+905303409856\">+90 (530) 340 98 56<\/a><br \/><strong>Fabrika:<\/strong> <a style=\"color: #333333;\" href=\"tel:\/\/+902826764680\"><span lang=\"EN-GB\">+90 282 676 46 80<\/span><\/a><\/span><\/p>\n\t\t<\/div>\n\t<\/div>\n\t\n\t\n\t<div id=\"gap-1035786530\" class=\"gap-element clearfix\" style=\"display:block; height:auto;\">\n\t\t\n<style>\n#gap-1035786530 {\n  padding-top: 15px;\n}\n<\/style>\n\t<\/div>\n\t\n\n\t\t<div class=\"icon-box featured-box icon-box-left text-left\"  >\n\t\t\t\t\t<div class=\"icon-box-img has-icon-bg\" style=\"width: 50px\">\n\t\t\t\t<div class=\"icon\">\n\t\t\t\t\t<div class=\"icon-inner\" style=\"border-width:2px;color:rgb(226, 0, 0);\">\n\t\t\t\t\t\t<?xml version=\"1.0\" encoding=\"iso-8859-1\"?>\r\n<!-- Generator: Adobe Illustrator 19.0.0, SVG Export Plug-In . SVG Version: 6.00 Build 0)  -->\r\n<svg version=\"1.1\" id=\"Capa_1\" xmlns=\"http:\/\/www.w3.org\/2000\/svg\" xmlns:xlink=\"http:\/\/www.w3.org\/1999\/xlink\" x=\"0px\" y=\"0px\"\r\n\t viewBox=\"0 0 512 512\" style=\"enable-background:new 0 0 512 512;\" xml:space=\"preserve\">\r\n<g>\r\n\t<g>\r\n\t\t<path d=\"M467,92h-15V15c0-8.284-6.716-15-15-15H227c-8.284,0-15,6.716-15,15v77h-32.58c-6.192-17.458-22.865-30-42.42-30h-32\r\n\t\t\tc-19.555,0-36.228,12.542-42.42,30H45c-24.813,0-45,20.187-45,45v300c0,24.813,20.187,45,45,45h17.58\r\n\t\t\tc6.192,17.458,22.865,30,42.42,30h32c19.555,0,36.228-12.542,42.42-30H467c24.813,0,45-20.187,45-45V137\r\n\t\t\tC512,112.187,491.813,92,467,92z M60,452H45c-8.271,0-15-6.729-15-15V137c0-8.271,6.729-15,15-15h15V452z M152,467\r\n\t\t\tc0,8.271-6.729,15-15,15h-32c-8.271,0-15-6.729-15-15V107c0-8.271,6.729-15,15-15h32c8.271,0,15,6.729,15,15V467z M242,30h180v62\r\n\t\t\tH242V30z M482,437c0,8.271-6.729,15-15,15H182V122h285c8.271,0,15,6.729,15,15V437z\"\/>\r\n\t<\/g>\r\n<\/g>\r\n<g>\r\n\t<g>\r\n\t\t<path d=\"M257,392h-30c-8.284,0-15,6.716-15,15s6.716,15,15,15h30c8.284,0,15-6.716,15-15S265.284,392,257,392z\"\/>\r\n\t<\/g>\r\n<\/g>\r\n<g>\r\n\t<g>\r\n\t\t<path d=\"M347,392h-30c-8.284,0-15,6.716-15,15s6.716,15,15,15h30c8.284,0,15-6.716,15-15S355.284,392,347,392z\"\/>\r\n\t<\/g>\r\n<\/g>\r\n<g>\r\n\t<g>\r\n\t\t<path d=\"M437,392h-30c-8.284,0-15,6.716-15,15s6.716,15,15,15h30c8.284,0,15-6.716,15-15S445.284,392,437,392z\"\/>\r\n\t<\/g>\r\n<\/g>\r\n<g>\r\n\t<g>\r\n\t\t<path d=\"M257,332h-30c-8.284,0-15,6.716-15,15s6.716,15,15,15h30c8.284,0,15-6.716,15-15S265.284,332,257,332z\"\/>\r\n\t<\/g>\r\n<\/g>\r\n<g>\r\n\t<g>\r\n\t\t<path d=\"M347,332h-30c-8.284,0-15,6.716-15,15s6.716,15,15,15h30c8.284,0,15-6.716,15-15S355.284,332,347,332z\"\/>\r\n\t<\/g>\r\n<\/g>\r\n<g>\r\n\t<g>\r\n\t\t<path d=\"M437,332h-30c-8.284,0-15,6.716-15,15s6.716,15,15,15h30c8.284,0,15-6.716,15-15S445.284,332,437,332z\"\/>\r\n\t<\/g>\r\n<\/g>\r\n<g>\r\n\t<g>\r\n\t\t<path d=\"M257,272h-30c-8.284,0-15,6.716-15,15s6.716,15,15,15h30c8.284,0,15-6.716,15-15S265.284,272,257,272z\"\/>\r\n\t<\/g>\r\n<\/g>\r\n<g>\r\n\t<g>\r\n\t\t<path d=\"M347,272h-30c-8.284,0-15,6.716-15,15s6.716,15,15,15h30c8.284,0,15-6.716,15-15S355.284,272,347,272z\"\/>\r\n\t<\/g>\r\n<\/g>\r\n<g>\r\n\t<g>\r\n\t\t<path d=\"M437,272h-30c-8.284,0-15,6.716-15,15s6.716,15,15,15h30c8.284,0,15-6.716,15-15S445.284,272,437,272z\"\/>\r\n\t<\/g>\r\n<\/g>\r\n<g>\r\n\t<g>\r\n\t\t<path d=\"M437,152H227c-8.284,0-15,6.716-15,15v60c0,8.284,6.716,15,15,15h210c8.284,0,15-6.716,15-15v-60\r\n\t\t\tC452,158.716,445.284,152,437,152z M422,212H242v-30h180V212z\"\/>\r\n\t<\/g>\r\n<\/g>\r\n<g>\r\n<\/g>\r\n<g>\r\n<\/g>\r\n<g>\r\n<\/g>\r\n<g>\r\n<\/g>\r\n<g>\r\n<\/g>\r\n<g>\r\n<\/g>\r\n<g>\r\n<\/g>\r\n<g>\r\n<\/g>\r\n<g>\r\n<\/g>\r\n<g>\r\n<\/g>\r\n<g>\r\n<\/g>\r\n<g>\r\n<\/g>\r\n<g>\r\n<\/g>\r\n<g>\r\n<\/g>\r\n<g>\r\n<\/g>\r\n<\/svg>\r\n\t\t\t\t\t<\/div>\n\t\t\t\t<\/div>\n\t\t\t<\/div>\n\t\t\t\t<div class=\"icon-box-text last-reset\">\n\t\t\t\t\t\t\t\t\t\n<h3>Fax:<\/h3>\n<p><span style=\"color: #333333;\">+90 (212) 771 26 93<\/span><\/p>\n\t\t<\/div>\n\t<\/div>\n\t\n\t\n\t<div id=\"gap-1973678990\" class=\"gap-element clearfix\" style=\"display:block; height:auto;\">\n\t\t\n<style>\n#gap-1973678990 {\n  padding-top: 15px;\n}\n<\/style>\n\t<\/div>\n\t\n\n\t\t<div class=\"icon-box featured-box icon-box-left text-left\"  >\n\t\t\t\t\t<div class=\"icon-box-img has-icon-bg\" style=\"width: 50px\">\n\t\t\t\t<div class=\"icon\">\n\t\t\t\t\t<div class=\"icon-inner\" style=\"border-width:2px;color:rgb(226, 0, 0);\">\n\t\t\t\t\t\t<?xml version=\"1.0\" encoding=\"iso-8859-1\"?>\r\n<!-- Generator: Adobe Illustrator 19.0.0, SVG Export Plug-In . SVG Version: 6.00 Build 0)  -->\r\n<svg version=\"1.1\" id=\"Capa_1\" xmlns=\"http:\/\/www.w3.org\/2000\/svg\" xmlns:xlink=\"http:\/\/www.w3.org\/1999\/xlink\" x=\"0px\" y=\"0px\"\r\n\t viewBox=\"0 0 512 512\" style=\"enable-background:new 0 0 512 512;\" xml:space=\"preserve\">\r\n<g>\r\n\t<g>\r\n\t\t<path d=\"M437.02,74.981C388.668,26.629,324.381,0,256,0S123.334,26.629,74.981,74.981C26.63,123.333,0.001,187.62,0.001,256\r\n\t\t\ts26.629,132.667,74.981,181.02C123.334,485.371,187.621,512,256.001,512c42.42,0,84.448-10.595,121.539-30.638\r\n\t\t\tc7.483-4.043,10.271-13.387,6.227-20.871c-4.042-7.482-13.385-10.27-20.87-6.227c-32.609,17.621-69.573,26.934-106.896,26.934\r\n\t\t\tC131.826,481.198,30.802,380.175,30.802,256S131.826,30.802,256,30.802c124.175,0,225.198,101.024,225.198,225.198\r\n\t\t\tc0,29.389-7.139,64.356-13.546,77.359c-5.682,11.53-21.78,27.768-39.78,27.768c-23.299,0-42.255-18.955-42.255-42.254V156.484\r\n\t\t\tc0-8.505-6.896-15.401-15.401-15.401s-15.401,6.895-15.401,15.401v15.736c-23.794-28.021-59.26-45.837-98.815-45.837\r\n\t\t\tc-71.47,0-129.617,58.146-129.617,129.617c0,71.47,58.145,129.617,129.617,129.617c40.84,0,77.322-18.991,101.097-48.601\r\n\t\t\tc8.089,31.535,36.752,54.912,70.774,54.912c29.711,0,56.402-22.615,67.41-44.954c9.375-19.024,16.718-58.984,16.718-90.973\r\n\t\t\tC512,187.62,485.371,123.333,437.02,74.981z M256,354.815c-54.486,0-98.815-44.328-98.815-98.815\r\n\t\t\tc0-54.487,44.328-98.815,98.815-98.815c54.487,0,98.815,44.328,98.815,98.815C354.815,310.487,310.487,354.815,256,354.815z\"\/>\r\n\t<\/g>\r\n<\/g>\r\n<g>\r\n<\/g>\r\n<g>\r\n<\/g>\r\n<g>\r\n<\/g>\r\n<g>\r\n<\/g>\r\n<g>\r\n<\/g>\r\n<g>\r\n<\/g>\r\n<g>\r\n<\/g>\r\n<g>\r\n<\/g>\r\n<g>\r\n<\/g>\r\n<g>\r\n<\/g>\r\n<g>\r\n<\/g>\r\n<g>\r\n<\/g>\r\n<g>\r\n<\/g>\r\n<g>\r\n<\/g>\r\n<g>\r\n<\/g>\r\n<\/svg>\r\n\t\t\t\t\t<\/div>\n\t\t\t\t<\/div>\n\t\t\t<\/div>\n\t\t\t\t<div class=\"icon-box-text last-reset\">\n\t\t\t\t\t\t\t\t\t\n<h3>E-Posta:<\/h3>\n<p><span style=\"color: #333333;\"><a style=\"color: #333333;\" href=\"mailto:info@kozmokimya.com\">info@kozmokimya.com<\/a><\/span><\/p>\n\t\t<\/div>\n\t<\/div>\n\t\n\t\n\t<div id=\"gap-43659613\" class=\"gap-element clearfix\" style=\"display:block; height:auto;\">\n\t\t\n<style>\n#gap-43659613 {\n  padding-top: 15px;\n}\n<\/style>\n\t<\/div>\n\t\n\t\t<\/div>\n\t\t\t\t\n<style>\n#col-1140942810 > .col-inner {\n  padding: 25px 30px 25px 30px;\n  border-radius: 10px;\n}\n<\/style>\n\t<\/div>\n\n\t\n\n\t<div id=\"col-799707309\" class=\"col medium-6 small-12 large-6\"  >\n\t\t\t\t<div class=\"col-inner\" style=\"background-color:rgb(248, 248, 248);\" >\n\t\t\t\n\t\t\t\n<div class=\"container section-title-container\" ><h4 class=\"section-title section-title-normal\"><b><\/b><span class=\"section-title-main\" >\u0130leti\u015fim Formu<\/span><b><\/b><\/h4><\/div>\n<div role=\"form\" class=\"wpcf7\" id=\"wpcf7-f208-o1\" lang=\"tr-TR\" dir=\"ltr\">\n<div class=\"screen-reader-response\"><p role=\"status\" aria-live=\"polite\" aria-atomic=\"true\"><\/p> <ul><\/ul><\/div>\n<form action=\"\/tr\/wp-json\/wp\/v2\/pages\/18#wpcf7-f208-o1\" method=\"post\" class=\"wpcf7-form init\" novalidate=\"novalidate\" data-status=\"init\">\n<div style=\"display: none;\">\n<input type=\"hidden\" name=\"_wpcf7\" value=\"208\" \/>\n<input type=\"hidden\" name=\"_wpcf7_version\" value=\"5.5.3\" \/>\n<input type=\"hidden\" name=\"_wpcf7_locale\" value=\"tr_TR\" \/>\n<input type=\"hidden\" name=\"_wpcf7_unit_tag\" value=\"wpcf7-f208-o1\" \/>\n<input type=\"hidden\" name=\"_wpcf7_container_post\" value=\"0\" \/>\n<input type=\"hidden\" name=\"_wpcf7_posted_data_hash\" value=\"\" \/>\n<\/div>\n<p><label> Ad\u0131n\u0131z Soyad\u0131n\u0131z<br \/>\n    <span class=\"wpcf7-form-control-wrap your-name\"><input type=\"text\" name=\"your-name\" value=\"\" size=\"40\" class=\"wpcf7-form-control wpcf7-text wpcf7-validates-as-required\" aria-required=\"true\" aria-invalid=\"false\" \/><\/span> <\/label><\/p>\n<p><label> E-posta Adresiniz<br \/>\n    <span class=\"wpcf7-form-control-wrap your-email\"><input type=\"email\" name=\"your-email\" value=\"\" size=\"40\" class=\"wpcf7-form-control wpcf7-text wpcf7-email wpcf7-validates-as-required wpcf7-validates-as-email\" aria-required=\"true\" aria-invalid=\"false\" \/><\/span> <\/label><\/p>\n<p><label> Konu<br \/>\n    <span class=\"wpcf7-form-control-wrap your-subject\"><input type=\"text\" name=\"your-subject\" value=\"\" size=\"40\" class=\"wpcf7-form-control wpcf7-text wpcf7-validates-as-required\" aria-required=\"true\" aria-invalid=\"false\" \/><\/span> <\/label><\/p>\n<p><label> Mesaj\u0131n\u0131z (tercihe ba\u011fl\u0131)<br \/>\n    <span class=\"wpcf7-form-control-wrap your-message\"><textarea name=\"your-message\" cols=\"40\" rows=\"10\" class=\"wpcf7-form-control wpcf7-textarea\" aria-invalid=\"false\"><\/textarea><\/span> <\/label><br \/>\n<span class=\"wpcf7-form-control-wrap acceptance-871\"><span class=\"wpcf7-form-control wpcf7-acceptance\"><span class=\"wpcf7-list-item\"><label><input type=\"checkbox\" name=\"acceptance-871\" value=\"1\" aria-invalid=\"false\" \/><span class=\"wpcf7-list-item-label\">6698 Say\u0131l\u0131 Ki\u015fisel Verilerin Korunmas\u0131 Kanunu kapsam\u0131nda M\u00fc\u015fteri <a href=\"https:\/\/kozmokimya.com\/tr\/musteri-aydinlatma-metni-ve-acik-riza-beyani\/\"> Ayd\u0131nlatma Metnini okudum,<\/a> anlad\u0131m. Ki\u015fisel verilerimin i\u015flenmesine, payla\u015f\u0131lmas\u0131na, gerekti\u011finde ba\u015fvuru, d\u00fczeltme ve silme hakk\u0131m oldu\u011funu anlad\u0131\u011f\u0131m\u0131 beyan eder, ayd\u0131nlat\u0131lm\u0131\u015f a\u00e7\u0131k r\u0131zam ile onay veririm.<\/span><\/label><\/span><\/span><\/span><\/p>\n<p><input type=\"submit\" value=\"G\u00f6nder\" class=\"wpcf7-form-control has-spinner wpcf7-submit\" \/><\/p>\n<div class=\"wpcf7-response-output\" aria-hidden=\"true\"><\/div><\/form><\/div>\n\t\t<\/div>\n\t\t\t\t\n<style>\n#col-799707309 > .col-inner {\n  padding: 25px 30px 25px 30px;\n  border-radius: 10px;\n}\n<\/style>\n\t<\/div>\n\n\t\n<\/div>\n\t\t<\/div>\n\n\t\t\n<style>\n#section_93340351 {\n  padding-top: 0px;\n  padding-bottom: 0px;\n}\n<\/style>\n\t<\/section>\n\t\n","protected":false},"excerpt":{"rendered":"","protected":false},"author":1,"featured_media":0,"parent":0,"menu_order":0,"comment_status":"closed","ping_status":"closed","template":"page-blank.php","meta":{"footnotes":""},"class_list":["post-18","page","type-page","status-publish","hentry"],"_links":{"self":[{"href":"https:\/\/kozmokimya.com\/tr\/wp-json\/wp\/v2\/pages\/18","targetHints":{"allow":["GET"]}}],"collection":[{"href":"https:\/\/kozmokimya.com\/tr\/wp-json\/wp\/v2\/pages"}],"about":[{"href":"https:\/\/kozmokimya.com\/tr\/wp-json\/wp\/v2\/types\/page"}],"author":[{"embeddable":true,"href":"https:\/\/kozmokimya.com\/tr\/wp-json\/wp\/v2\/users\/1"}],"replies":[{"embeddable":true,"href":"https:\/\/kozmokimya.com\/tr\/wp-json\/wp\/v2\/comments?post=18"}],"version-history":[{"count":25,"href":"https:\/\/kozmokimya.com\/tr\/wp-json\/wp\/v2\/pages\/18\/revisions"}],"predecessor-version":[{"id":1458,"href":"https:\/\/kozmokimya.com\/tr\/wp-json\/wp\/v2\/pages\/18\/revisions\/1458"}],"wp:attachment":[{"href":"https:\/\/kozmokimya.com\/tr\/wp-json\/wp\/v2\/media?parent=18"}],"curies":[{"name":"wp","href":"https:\/\/api.w.org\/{rel}","templated":true}]}}