{"id":685,"date":"2021-08-26T10:58:14","date_gmt":"2021-08-26T07:58:14","guid":{"rendered":"https:\/\/kozmokimya.com\/tr\/?page_id=685"},"modified":"2021-12-07T16:16:06","modified_gmt":"2021-12-07T13:16:06","slug":"markalar","status":"publish","type":"page","link":"https:\/\/kozmokimya.com\/tr\/markalar\/","title":{"rendered":"Markalar"},"content":{"rendered":"\t<section class=\"section\" id=\"section_90302060\">\n\t\t<div class=\"bg section-bg fill bg-fill  bg-loaded\" >\n\n\t\t\t\n\t\t\t\n\t\t\t\n\n\t\t<\/div>\n\n\t\t<div class=\"section-content relative\">\n\t\t\t\n<div class=\"row row-collapse align-center\"  id=\"row-1779718294\">\n\n\t<div id=\"col-329313739\" class=\"col medium-7 small-12 large-7\"  >\n\t\t\t\t<div class=\"col-inner\"  >\n\t\t\t\n\t\t\t\n<p style=\"text-align: center;\"><span style=\"color: #000000; font-size: 130%;\">T\u00dcM MARKALARIMIZI KE\u015eFED\u0130N!<\/span><\/p>\n\t<div id=\"gap-326003018\" class=\"gap-element clearfix\" style=\"display:block; height:auto;\">\n\t\t\n<style>\n#gap-326003018 {\n  padding-top: 30px;\n}\n<\/style>\n\t<\/div>\n\t\n\t\t<\/div>\n\t\t\t\t\t<\/div>\n\n\t\n<\/div>\n<div class=\"row row-small row-full-width align-center\"  id=\"row-1087279186\">\n\n\t<div id=\"col-153604602\" class=\"col medium-1 small-6 large-1\"  >\n\t\t\t\t<div class=\"col-inner box-shadow-1 box-shadow-2-hover\"  >\n\t\t\t\n\t\t\t\n\t<div class=\"img has-hover x md-x lg-x y md-y lg-y\" id=\"image_2133196858\">\n\t\t<a class=\"\" href=\"https:\/\/kozmokimya.com\/tr\/markalar\/killtox\/\"  >\t\t\t\t\t\t<div class=\"img-inner image-cover dark\" style=\"padding-top:100%;\">\n\t\t\t<img loading=\"lazy\" decoding=\"async\" width=\"250\" height=\"250\" src=\"https:\/\/kozmokimya.com\/tr\/wp-content\/uploads\/2021\/08\/kiltox-1.jpg\" class=\"attachment-large size-large\" alt=\"\" srcset=\"https:\/\/kozmokimya.com\/tr\/wp-content\/uploads\/2021\/08\/kiltox-1.jpg 250w, https:\/\/kozmokimya.com\/tr\/wp-content\/uploads\/2021\/08\/kiltox-1-100x100.jpg 100w, https:\/\/kozmokimya.com\/tr\/wp-content\/uploads\/2021\/08\/kiltox-1-150x150.jpg 150w\" sizes=\"auto, (max-width: 250px) 100vw, 250px\" \/>\t\t\t\t\t\t\n\t\t\t\t\t<\/div>\n\t\t\t\t\t\t<\/a>\t\t\n<style>\n#image_2133196858 {\n  width: 100%;\n}\n<\/style>\n\t<\/div>\n\t\n\t\t<\/div>\n\t\t\t\t\n<style>\n#col-153604602 > .col-inner {\n  padding: 3px 3px 3px 3;\n}\n<\/style>\n\t<\/div>\n\n\t\n\n\t<div id=\"col-335210884\" class=\"col medium-1 small-6 large-1\"  >\n\t\t\t\t<div class=\"col-inner box-shadow-1 box-shadow-2-hover\"  >\n\t\t\t\n\t\t\t\n\t<div class=\"img has-hover x md-x lg-x y md-y lg-y\" id=\"image_485170813\">\n\t\t<a class=\"\" href=\"https:\/\/kozmokimya.com\/tr\/urun-kategori\/hasere-olduruculer\/daytox\/\"  >\t\t\t\t\t\t<div class=\"img-inner image-cover dark\" style=\"padding-top:100%;\">\n\t\t\t<img loading=\"lazy\" decoding=\"async\" width=\"500\" height=\"500\" src=\"https:\/\/kozmokimya.com\/tr\/wp-content\/uploads\/2021\/08\/Daytox.png\" class=\"attachment-large size-large\" alt=\"\" srcset=\"https:\/\/kozmokimya.com\/tr\/wp-content\/uploads\/2021\/08\/Daytox.png 500w, https:\/\/kozmokimya.com\/tr\/wp-content\/uploads\/2021\/08\/Daytox-100x100.png 100w, https:\/\/kozmokimya.com\/tr\/wp-content\/uploads\/2021\/08\/Daytox-300x300.png 300w, https:\/\/kozmokimya.com\/tr\/wp-content\/uploads\/2021\/08\/Daytox-150x150.png 150w\" sizes=\"auto, (max-width: 500px) 100vw, 500px\" \/>\t\t\t\t\t\t\n\t\t\t\t\t<\/div>\n\t\t\t\t\t\t<\/a>\t\t\n<style>\n#image_485170813 {\n  width: 100%;\n}\n<\/style>\n\t<\/div>\n\t\n\t\t<\/div>\n\t\t\t\t\n<style>\n#col-335210884 > .col-inner {\n  padding: 3px 3px 3px 3;\n}\n<\/style>\n\t<\/div>\n\n\t\n\n\t<div id=\"col-113047851\" class=\"col medium-1 small-6 large-1\"  >\n\t\t\t\t<div class=\"col-inner box-shadow-1 box-shadow-2-hover\"  >\n\t\t\t\n\t\t\t\n\t<div class=\"img has-hover x md-x lg-x y md-y lg-y\" id=\"image_1291410741\">\n\t\t<a class=\"\" href=\"https:\/\/kozmokimya.com\/tr\/markalar\/tango\/\"  >\t\t\t\t\t\t<div class=\"img-inner image-cover dark\" style=\"padding-top:100%;\">\n\t\t\t<img loading=\"lazy\" decoding=\"async\" width=\"500\" height=\"500\" src=\"https:\/\/kozmokimya.com\/tr\/wp-content\/uploads\/2021\/08\/Tango.png\" class=\"attachment-large size-large\" alt=\"\" srcset=\"https:\/\/kozmokimya.com\/tr\/wp-content\/uploads\/2021\/08\/Tango.png 500w, https:\/\/kozmokimya.com\/tr\/wp-content\/uploads\/2021\/08\/Tango-100x100.png 100w, https:\/\/kozmokimya.com\/tr\/wp-content\/uploads\/2021\/08\/Tango-300x300.png 300w, https:\/\/kozmokimya.com\/tr\/wp-content\/uploads\/2021\/08\/Tango-150x150.png 150w\" sizes=\"auto, (max-width: 500px) 100vw, 500px\" \/>\t\t\t\t\t\t\n\t\t\t\t\t<\/div>\n\t\t\t\t\t\t<\/a>\t\t\n<style>\n#image_1291410741 {\n  width: 100%;\n}\n<\/style>\n\t<\/div>\n\t\n\t\t<\/div>\n\t\t\t\t\n<style>\n#col-113047851 > .col-inner {\n  padding: 3px 3px 3px 3;\n}\n<\/style>\n\t<\/div>\n\n\t\n\n\t<div id=\"col-1586292366\" class=\"col medium-1 small-6 large-1\"  >\n\t\t\t\t<div class=\"col-inner box-shadow-1 box-shadow-2-hover\"  >\n\t\t\t\n\t\t\t\n\t<div class=\"img has-hover x md-x lg-x y md-y lg-y\" id=\"image_589524795\">\n\t\t<a class=\"\" href=\"https:\/\/kozmokimya.com\/tr\/markalar\/woods\/\"  >\t\t\t\t\t\t<div class=\"img-inner image-cover dark\" style=\"padding-top:100%;\">\n\t\t\t<img loading=\"lazy\" decoding=\"async\" width=\"500\" height=\"500\" src=\"https:\/\/kozmokimya.com\/tr\/wp-content\/uploads\/2021\/08\/5002.png\" class=\"attachment-large size-large\" alt=\"\" srcset=\"https:\/\/kozmokimya.com\/tr\/wp-content\/uploads\/2021\/08\/5002.png 500w, https:\/\/kozmokimya.com\/tr\/wp-content\/uploads\/2021\/08\/5002-100x100.png 100w, https:\/\/kozmokimya.com\/tr\/wp-content\/uploads\/2021\/08\/5002-300x300.png 300w, https:\/\/kozmokimya.com\/tr\/wp-content\/uploads\/2021\/08\/5002-150x150.png 150w\" sizes=\"auto, (max-width: 500px) 100vw, 500px\" \/>\t\t\t\t\t\t\n\t\t\t\t\t<\/div>\n\t\t\t\t\t\t<\/a>\t\t\n<style>\n#image_589524795 {\n  width: 100%;\n}\n<\/style>\n\t<\/div>\n\t\n\t\t<\/div>\n\t\t\t\t\n<style>\n#col-1586292366 > .col-inner {\n  padding: 3px 3px 3px 3;\n}\n<\/style>\n\t<\/div>\n\n\t\n\n\t<div id=\"col-695570669\" class=\"col medium-1 small-6 large-1\"  >\n\t\t\t\t<div class=\"col-inner box-shadow-1 box-shadow-2-hover\"  >\n\t\t\t\n\t\t\t\n\t<div class=\"img has-hover x md-x lg-x y md-y lg-y\" id=\"image_597365671\">\n\t\t<a class=\"\" href=\"https:\/\/kozmokimya.com\/tr\/markalar\/polo\/\"  >\t\t\t\t\t\t<div class=\"img-inner image-cover dark\" style=\"padding-top:100%;\">\n\t\t\t<img loading=\"lazy\" decoding=\"async\" width=\"500\" height=\"500\" src=\"https:\/\/kozmokimya.com\/tr\/wp-content\/uploads\/2021\/08\/Polo-furniture.png\" class=\"attachment-large size-large\" alt=\"\" srcset=\"https:\/\/kozmokimya.com\/tr\/wp-content\/uploads\/2021\/08\/Polo-furniture.png 500w, https:\/\/kozmokimya.com\/tr\/wp-content\/uploads\/2021\/08\/Polo-furniture-100x100.png 100w, https:\/\/kozmokimya.com\/tr\/wp-content\/uploads\/2021\/08\/Polo-furniture-300x300.png 300w, https:\/\/kozmokimya.com\/tr\/wp-content\/uploads\/2021\/08\/Polo-furniture-150x150.png 150w\" sizes=\"auto, (max-width: 500px) 100vw, 500px\" \/>\t\t\t\t\t\t\n\t\t\t\t\t<\/div>\n\t\t\t\t\t\t<\/a>\t\t\n<style>\n#image_597365671 {\n  width: 100%;\n}\n<\/style>\n\t<\/div>\n\t\n\t\t<\/div>\n\t\t\t\t\n<style>\n#col-695570669 > .col-inner {\n  padding: 3px 3px 3px 3;\n}\n<\/style>\n\t<\/div>\n\n\t\n\n\t<div id=\"col-1629166757\" class=\"col medium-1 small-6 large-1\"  >\n\t\t\t\t<div class=\"col-inner box-shadow-1 box-shadow-2-hover\"  >\n\t\t\t\n\t\t\t\n\t<div class=\"img has-hover x md-x lg-x y md-y lg-y\" id=\"image_1804031\">\n\t\t<a class=\"\" href=\"https:\/\/kozmokimya.com\/tr\/markalar\/full-fresh\/\"  >\t\t\t\t\t\t<div class=\"img-inner image-cover dark\" style=\"padding-top:100%;\">\n\t\t\t<img loading=\"lazy\" decoding=\"async\" width=\"500\" height=\"500\" src=\"https:\/\/kozmokimya.com\/tr\/wp-content\/uploads\/2021\/08\/5001.png\" class=\"attachment-large size-large\" alt=\"\" srcset=\"https:\/\/kozmokimya.com\/tr\/wp-content\/uploads\/2021\/08\/5001.png 500w, https:\/\/kozmokimya.com\/tr\/wp-content\/uploads\/2021\/08\/5001-100x100.png 100w, https:\/\/kozmokimya.com\/tr\/wp-content\/uploads\/2021\/08\/5001-300x300.png 300w, https:\/\/kozmokimya.com\/tr\/wp-content\/uploads\/2021\/08\/5001-150x150.png 150w\" sizes=\"auto, (max-width: 500px) 100vw, 500px\" \/>\t\t\t\t\t\t\n\t\t\t\t\t<\/div>\n\t\t\t\t\t\t<\/a>\t\t\n<style>\n#image_1804031 {\n  width: 100%;\n}\n<\/style>\n\t<\/div>\n\t\n\t\t<\/div>\n\t\t\t\t\n<style>\n#col-1629166757 > .col-inner {\n  padding: 3px 3px 3px 3;\n}\n<\/style>\n\t<\/div>\n\n\t\n\n\t<div id=\"col-1040358884\" class=\"col medium-1 small-6 large-1\"  >\n\t\t\t\t<div class=\"col-inner box-shadow-1 box-shadow-2-hover\"  >\n\t\t\t\n\t\t\t\n\t<div class=\"img has-hover x md-x lg-x y md-y lg-y\" id=\"image_982638845\">\n\t\t<a class=\"\" href=\"https:\/\/kozmokimya.com\/tr\/markalar\/edge\/\"  >\t\t\t\t\t\t<div class=\"img-inner image-cover dark\" style=\"padding-top:100%;\">\n\t\t\t<img loading=\"lazy\" decoding=\"async\" width=\"500\" height=\"500\" src=\"https:\/\/kozmokimya.com\/tr\/wp-content\/uploads\/2021\/08\/edge.png\" class=\"attachment-large size-large\" alt=\"\" srcset=\"https:\/\/kozmokimya.com\/tr\/wp-content\/uploads\/2021\/08\/edge.png 500w, https:\/\/kozmokimya.com\/tr\/wp-content\/uploads\/2021\/08\/edge-100x100.png 100w, https:\/\/kozmokimya.com\/tr\/wp-content\/uploads\/2021\/08\/edge-300x300.png 300w, https:\/\/kozmokimya.com\/tr\/wp-content\/uploads\/2021\/08\/edge-150x150.png 150w\" sizes=\"auto, (max-width: 500px) 100vw, 500px\" \/>\t\t\t\t\t\t\n\t\t\t\t\t<\/div>\n\t\t\t\t\t\t<\/a>\t\t\n<style>\n#image_982638845 {\n  width: 100%;\n}\n<\/style>\n\t<\/div>\n\t\n\t\t<\/div>\n\t\t\t\t\n<style>\n#col-1040358884 > .col-inner {\n  padding: 3px 3px 3px 3;\n}\n<\/style>\n\t<\/div>\n\n\t\n\n\t<div id=\"col-1240172385\" class=\"col medium-1 small-6 large-1\"  >\n\t\t\t\t<div class=\"col-inner box-shadow-1 box-shadow-2-hover\"  >\n\t\t\t\n\t\t\t\n\t<div class=\"img has-hover x md-x lg-x y md-y lg-y\" id=\"image_1524710651\">\n\t\t<a class=\"\" href=\"https:\/\/kozmokimya.com\/tr\/markalar\/icysplash\/\"  >\t\t\t\t\t\t<div class=\"img-inner image-cover dark\" style=\"padding-top:100%;\">\n\t\t\t<img loading=\"lazy\" decoding=\"async\" width=\"500\" height=\"500\" src=\"https:\/\/kozmokimya.com\/tr\/wp-content\/uploads\/2021\/08\/ICY-Splash.png\" class=\"attachment-large size-large\" alt=\"\" srcset=\"https:\/\/kozmokimya.com\/tr\/wp-content\/uploads\/2021\/08\/ICY-Splash.png 500w, https:\/\/kozmokimya.com\/tr\/wp-content\/uploads\/2021\/08\/ICY-Splash-100x100.png 100w, https:\/\/kozmokimya.com\/tr\/wp-content\/uploads\/2021\/08\/ICY-Splash-300x300.png 300w, https:\/\/kozmokimya.com\/tr\/wp-content\/uploads\/2021\/08\/ICY-Splash-150x150.png 150w\" sizes=\"auto, (max-width: 500px) 100vw, 500px\" \/>\t\t\t\t\t\t\n\t\t\t\t\t<\/div>\n\t\t\t\t\t\t<\/a>\t\t\n<style>\n#image_1524710651 {\n  width: 100%;\n}\n<\/style>\n\t<\/div>\n\t\n\t\t<\/div>\n\t\t\t\t\n<style>\n#col-1240172385 > .col-inner {\n  padding: 3px 3px 3px 3;\n}\n<\/style>\n\t<\/div>\n\n\t\n\n\t<div id=\"col-1313630796\" class=\"col medium-1 small-6 large-1\"  >\n\t\t\t\t<div class=\"col-inner text-left box-shadow-1 box-shadow-2-hover\"  >\n\t\t\t\n\t\t\t\n\t<div class=\"img has-hover x md-x lg-x y md-y lg-y\" id=\"image_81593193\">\n\t\t<a class=\"\" href=\"https:\/\/kozmokimya.com\/tr\/urun-kategori\/hasere-olduruculer\/super-bomtox-universal-aerosol\/\"  >\t\t\t\t\t\t<div class=\"img-inner image-cover dark\" style=\"padding-top:100%;\">\n\t\t\t<img loading=\"lazy\" decoding=\"async\" width=\"500\" height=\"500\" src=\"https:\/\/kozmokimya.com\/tr\/wp-content\/uploads\/2021\/08\/Bomtox.png\" class=\"attachment-large size-large\" alt=\"\" srcset=\"https:\/\/kozmokimya.com\/tr\/wp-content\/uploads\/2021\/08\/Bomtox.png 500w, https:\/\/kozmokimya.com\/tr\/wp-content\/uploads\/2021\/08\/Bomtox-100x100.png 100w, https:\/\/kozmokimya.com\/tr\/wp-content\/uploads\/2021\/08\/Bomtox-300x300.png 300w, https:\/\/kozmokimya.com\/tr\/wp-content\/uploads\/2021\/08\/Bomtox-150x150.png 150w\" sizes=\"auto, (max-width: 500px) 100vw, 500px\" \/>\t\t\t\t\t\t\n\t\t\t\t\t<\/div>\n\t\t\t\t\t\t<\/a>\t\t\n<style>\n#image_81593193 {\n  width: 100%;\n}\n<\/style>\n\t<\/div>\n\t\n\t\t<\/div>\n\t\t\t\t\n<style>\n#col-1313630796 > .col-inner {\n  padding: 3px 3px 3px 3;\n}\n<\/style>\n\t<\/div>\n\n\t\n\n\t<div id=\"col-1800755737\" class=\"col medium-1 small-6 large-1\"  >\n\t\t\t\t<div class=\"col-inner text-left box-shadow-1 box-shadow-2-hover\"  >\n\t\t\t\n\t\t\t\n\t<div class=\"img has-hover x md-x lg-x y md-y lg-y\" id=\"image_1515448149\">\n\t\t<a class=\"\" href=\"https:\/\/kozmokimya.com\/tr\/urun\/insect-kov-repellent\/\"  >\t\t\t\t\t\t<div class=\"img-inner image-cover dark\" style=\"padding-top:100%;\">\n\t\t\t<img loading=\"lazy\" decoding=\"async\" width=\"500\" height=\"507\" src=\"https:\/\/kozmokimya.com\/tr\/wp-content\/uploads\/2021\/12\/edgelogo.jpg\" class=\"attachment-large size-large\" alt=\"\" srcset=\"https:\/\/kozmokimya.com\/tr\/wp-content\/uploads\/2021\/12\/edgelogo.jpg 500w, https:\/\/kozmokimya.com\/tr\/wp-content\/uploads\/2021\/12\/edgelogo-296x300.jpg 296w, https:\/\/kozmokimya.com\/tr\/wp-content\/uploads\/2021\/12\/edgelogo-100x100.jpg 100w\" sizes=\"auto, (max-width: 500px) 100vw, 500px\" \/>\t\t\t\t\t\t\n\t\t\t\t\t<\/div>\n\t\t\t\t\t\t<\/a>\t\t\n<style>\n#image_1515448149 {\n  width: 100%;\n}\n<\/style>\n\t<\/div>\n\t\n\t\t<\/div>\n\t\t\t\t\n<style>\n#col-1800755737 > .col-inner {\n  padding: 3px 3px 3px 3;\n}\n<\/style>\n\t<\/div>\n\n\t\n\n\t<div id=\"col-614203709\" class=\"col show-for-small medium-1 small-6 large-1\"  >\n\t\t\t\t<div class=\"col-inner text-left\"  >\n\t\t\t\n\t\t\t\n\t\t<\/div>\n\t\t\t\t\n<style>\n#col-614203709 > .col-inner {\n  padding: 3px 3px 3px 3;\n}\n<\/style>\n\t<\/div>\n\n\t\n<\/div>\n\t\t<\/div>\n\n\t\t\n<style>\n#section_90302060 {\n  padding-top: 30px;\n  padding-bottom: 30px;\n}\n<\/style>\n\t<\/section>\n\t\n","protected":false},"excerpt":{"rendered":"","protected":false},"author":1,"featured_media":0,"parent":0,"menu_order":0,"comment_status":"closed","ping_status":"closed","template":"page-blank.php","meta":{"footnotes":""},"class_list":["post-685","page","type-page","status-publish","hentry"],"_links":{"self":[{"href":"https:\/\/kozmokimya.com\/tr\/wp-json\/wp\/v2\/pages\/685","targetHints":{"allow":["GET"]}}],"collection":[{"href":"https:\/\/kozmokimya.com\/tr\/wp-json\/wp\/v2\/pages"}],"about":[{"href":"https:\/\/kozmokimya.com\/tr\/wp-json\/wp\/v2\/types\/page"}],"author":[{"embeddable":true,"href":"https:\/\/kozmokimya.com\/tr\/wp-json\/wp\/v2\/users\/1"}],"replies":[{"embeddable":true,"href":"https:\/\/kozmokimya.com\/tr\/wp-json\/wp\/v2\/comments?post=685"}],"version-history":[{"count":5,"href":"https:\/\/kozmokimya.com\/tr\/wp-json\/wp\/v2\/pages\/685\/revisions"}],"predecessor-version":[{"id":1285,"href":"https:\/\/kozmokimya.com\/tr\/wp-json\/wp\/v2\/pages\/685\/revisions\/1285"}],"wp:attachment":[{"href":"https:\/\/kozmokimya.com\/tr\/wp-json\/wp\/v2\/media?parent=685"}],"curies":[{"name":"wp","href":"https:\/\/api.w.org\/{rel}","templated":true}]}}