{"id":993,"date":"2021-10-08T13:56:09","date_gmt":"2021-10-08T10:56:09","guid":{"rendered":"https:\/\/kozmokimya.com\/tr\/?page_id=993"},"modified":"2024-06-06T11:00:20","modified_gmt":"2024-06-06T08:00:20","slug":"sds-woods","status":"publish","type":"page","link":"https:\/\/kozmokimya.com\/tr\/sds-woods\/","title":{"rendered":"Sds Woods"},"content":{"rendered":"\t<section class=\"section\" id=\"section_303715784\">\n\t\t<div class=\"bg section-bg fill bg-fill  bg-loaded\" >\n\n\t\t\t\n\t\t\t\n\t\t\t\n\n\t\t<\/div>\n\n\t\t<div class=\"section-content relative\">\n\t\t\t\n\t<div id=\"gap-33494555\" class=\"gap-element clearfix\" style=\"display:block; height:auto;\">\n\t\t\n<style>\n#gap-33494555 {\n  padding-top: 30px;\n}\n<\/style>\n\t<\/div>\n\t\n<div class=\"row row-collapse\"  id=\"row-80702852\">\n\n\t<div id=\"col-531750118\" class=\"col small-12 large-12\"  >\n\t\t\t\t<div class=\"col-inner dark\"  >\n\t\t\t\n\t\t\t\n<div class=\"container section-title-container\" ><h3 class=\"section-title section-title-normal\"><b><\/b><span class=\"section-title-main\" >Safety Data Sheet<\/span><b><\/b><\/h3><\/div>\n\t\t<\/div>\n\t\t\t\t\t<\/div>\n\n\t\n<\/div>\n\t\t<\/div>\n\n\t\t\n<style>\n#section_303715784 {\n  padding-top: 0px;\n  padding-bottom: 0px;\n  background-color: rgb(13, 13, 13);\n}\n<\/style>\n\t<\/section>\n\t\n\t<section class=\"section\" id=\"section_243844766\">\n\t\t<div class=\"bg section-bg fill bg-fill  bg-loaded\" >\n\n\t\t\t\n\t\t\t\n\t\t\t\n\n\t\t<\/div>\n\n\t\t<div class=\"section-content relative\">\n\t\t\t\n<div class=\"row\"  id=\"row-1405556521\">\n\n\t<div id=\"col-750890640\" class=\"col medium-4 small-12 large-4\"  >\n\t\t\t\t<div class=\"col-inner text-left\" style=\"background-color:rgb(255, 206, 4);\" >\n\t\t\t\n\t\t\t\n\t<div id=\"gap-185769487\" class=\"gap-element clearfix\" style=\"display:block; height:auto;\">\n\t\t\n<style>\n#gap-185769487 {\n  padding-top: 100px;\n}\n<\/style>\n\t<\/div>\n\t\n<p><span style=\"color: #000000; font-size: 150%;\">SDS F\u0130LTRELE<\/span><\/p>\n<hr \/>\n<p><span style=\"color: #333333;\"><a style=\"color: #333333;\" href=\"https:\/\/kozmokimya.com\/tr\/sds-polo\/\"><span style=\"font-size: 130%;\">POLO<\/span><\/a><\/span><\/p>\n<p><span style=\"color: #333333;\"><a style=\"color: #333333;\" href=\"https:\/\/kozmokimya.com\/tr\/sds-tango\/\"><span style=\"font-size: 130%;\">TANGO<\/span><\/a><\/span><\/p>\n<p><span style=\"color: #333333;\"><a style=\"color: #333333;\" href=\"https:\/\/kozmokimya.com\/tr\/sds-full-fresh\/\"><span style=\"font-size: 130%;\">FULL FRESH<\/span><\/a><\/span><\/p>\n<p><span style=\"color: #333333;\"><a style=\"color: #333333;\" href=\"https:\/\/kozmokimya.com\/tr\/sds-icy-splash\/\"><span style=\"font-size: 130%;\">ICY SPLASH<\/span><\/a><\/span><\/p>\n<p><span style=\"color: #ed1c24;\"><a style=\"color: #ed1c24;\" href=\"https:\/\/kozmokimya.com\/tr\/sds-woods\/\"><span style=\"font-size: 130%;\">WOOD<\/span><\/a><\/span><\/p>\n<p><span style=\"color: #333333;\"><a style=\"color: #333333;\" href=\"https:\/\/kozmokimya.com\/tr\/sds-edge\/\"><span style=\"font-size: 130%;\">EDGE<\/span><\/a><\/span><\/p>\n<p><span style=\"color: #333333;\"><a style=\"color: #333333;\" href=\"https:\/\/kozmokimya.com\/tr\/sds-daytox\/\"><span style=\"font-size: 130%;\">DAYTOX<\/span><\/a><\/span><\/p>\n<p><span style=\"color: #333333;\"><a style=\"color: #333333;\" href=\"https:\/\/kozmokimya.com\/tr\/sds-bomtox\/\"><span style=\"font-size: 130%;\">BOMTOX<\/span><\/a><\/span><\/p>\n<p><a href=\"https:\/\/killtox.com\/tr\/sds-killtox\/\"><span style=\"font-size: 130%; color: #333333;\">KILLTOX<\/span><\/a><\/p>\n\t<div id=\"gap-1677886973\" class=\"gap-element clearfix\" style=\"display:block; height:auto;\">\n\t\t\n<style>\n#gap-1677886973 {\n  padding-top: 30px;\n}\n<\/style>\n\t<\/div>\n\t\n\t\t<\/div>\n\t\t\t\t\n<style>\n#col-750890640 > .col-inner {\n  padding: 30px 30px 30px 30px;\n}\n<\/style>\n\t<\/div>\n\n\t\n\n\t<div id=\"col-1634335703\" class=\"col medium-8 small-12 large-8\"  >\n\t\t\t\t<div class=\"col-inner text-left\"  >\n\t\t\t\n\t\t\t\n\t<div class=\"box has-hover   has-hover box-vertical box-text-bottom\" >\n\n\t\t<div class=\"box-image\" style=\"width:17%;\">\n\t\t\t<a href=\"https:\/\/kozmokimya.com\/wp-content\/uploads\/2024\/06\/300-ML-WOODS-AIR-FRESHENER-SDS.pdf\" target=\"_blank\" rel=\"noopener noreferrer\" >\t\t\t<div class=\"\" >\n\t\t\t\t<img loading=\"lazy\" decoding=\"async\" width=\"400\" height=\"400\" src=\"https:\/\/kozmokimya.com\/tr\/wp-content\/uploads\/2021\/10\/sds-1.jpg\" class=\"attachment- size-\" alt=\"\" srcset=\"https:\/\/kozmokimya.com\/tr\/wp-content\/uploads\/2021\/10\/sds-1.jpg 400w, https:\/\/kozmokimya.com\/tr\/wp-content\/uploads\/2021\/10\/sds-1-100x100.jpg 100w, https:\/\/kozmokimya.com\/tr\/wp-content\/uploads\/2021\/10\/sds-1-300x300.jpg 300w, https:\/\/kozmokimya.com\/tr\/wp-content\/uploads\/2021\/10\/sds-1-150x150.jpg 150w\" sizes=\"auto, (max-width: 400px) 100vw, 400px\" \/>\t\t\t\t\t\t\t\t\t\t\t<\/div>\n\t\t\t<\/a>\t\t<\/div>\n\n\t\t<div class=\"box-text text-center\" >\n\t\t\t<div class=\"box-text-inner\">\n\t\t\t\t\n\t<div id=\"text-1166680462\" class=\"text\">\n\t\t\n<p>\u00a0<\/p>\n<p><span style=\"font-size: 190%; color: #333333;\">Woods 300 ML. Air Freshener<\/span><\/p>\n<p><a href=\"https:\/\/kozmokimya.com\/wp-content\/uploads\/2024\/06\/300-ML-WOODS-AIR-FRESHENER-SDS.pdf\"><span style=\"color: #d83131;\">Pdf&#8217;i indirmek i\u00e7in t\u0131klay\u0131n<\/span><\/a><\/p>\n\t\t\n<style>\n#text-1166680462 {\n  text-align: left;\n}\n<\/style>\n\t<\/div>\n\t\n<div class=\"is-divider divider clearfix\" style=\"max-width:800px;height:1px;\"><\/div>\n\t\t\t<\/div>\n\t\t<\/div>\n\t<\/div>\n\t\n\t<div id=\"gap-886383013\" class=\"gap-element clearfix\" style=\"display:block; height:auto;\">\n\t\t\n<style>\n#gap-886383013 {\n  padding-top: 20px;\n}\n<\/style>\n\t<\/div>\n\t\n\t<div class=\"box has-hover   has-hover box-vertical box-text-bottom\" >\n\n\t\t<div class=\"box-image\" style=\"width:17%;\">\n\t\t\t<a href=\"https:\/\/kozmokimya.com\/wp-content\/uploads\/2024\/06\/250-ML-WOODS-DISPENSER-SDS.pdf\" target=\"_blank\" rel=\"noopener noreferrer\" >\t\t\t<div class=\"\" >\n\t\t\t\t<img loading=\"lazy\" decoding=\"async\" width=\"400\" height=\"400\" src=\"https:\/\/kozmokimya.com\/tr\/wp-content\/uploads\/2021\/10\/sds-1.jpg\" class=\"attachment- size-\" alt=\"\" srcset=\"https:\/\/kozmokimya.com\/tr\/wp-content\/uploads\/2021\/10\/sds-1.jpg 400w, https:\/\/kozmokimya.com\/tr\/wp-content\/uploads\/2021\/10\/sds-1-100x100.jpg 100w, https:\/\/kozmokimya.com\/tr\/wp-content\/uploads\/2021\/10\/sds-1-300x300.jpg 300w, https:\/\/kozmokimya.com\/tr\/wp-content\/uploads\/2021\/10\/sds-1-150x150.jpg 150w\" sizes=\"auto, (max-width: 400px) 100vw, 400px\" \/>\t\t\t\t\t\t\t\t\t\t\t<\/div>\n\t\t\t<\/a>\t\t<\/div>\n\n\t\t<div class=\"box-text text-center\" >\n\t\t\t<div class=\"box-text-inner\">\n\t\t\t\t\n\t<div id=\"text-3407442062\" class=\"text\">\n\t\t\n<p>\u00a0<\/p>\n<p><span style=\"font-size: 190%; color: #333333;\">250 ML Woods Dispencer sds<\/span><\/p>\n<p><a href=\"https:\/\/kozmokimya.com\/wp-content\/uploads\/2024\/06\/250-ML-WOODS-DISPENSER-SDS.pdf\"><span style=\"color: #d83131;\">Pdf&#8217;i indirmek i\u00e7in t\u0131klay\u0131n<\/span><\/a><\/p>\n\t\t\n<style>\n#text-3407442062 {\n  text-align: left;\n}\n<\/style>\n\t<\/div>\n\t\n<div class=\"is-divider divider clearfix\" style=\"max-width:800px;height:1px;\"><\/div>\n\t\t\t<\/div>\n\t\t<\/div>\n\t<\/div>\n\t\n\t\t<\/div>\n\t\t\t\t\t<\/div>\n\n\t\n<\/div>\n\t\t<\/div>\n\n\t\t\n<style>\n#section_243844766 {\n  padding-top: 30px;\n  padding-bottom: 30px;\n}\n<\/style>\n\t<\/section>\n\t\n\n","protected":false},"excerpt":{"rendered":"","protected":false},"author":1,"featured_media":0,"parent":0,"menu_order":0,"comment_status":"closed","ping_status":"closed","template":"page-blank.php","meta":{"footnotes":""},"class_list":["post-993","page","type-page","status-publish","hentry"],"_links":{"self":[{"href":"https:\/\/kozmokimya.com\/tr\/wp-json\/wp\/v2\/pages\/993","targetHints":{"allow":["GET"]}}],"collection":[{"href":"https:\/\/kozmokimya.com\/tr\/wp-json\/wp\/v2\/pages"}],"about":[{"href":"https:\/\/kozmokimya.com\/tr\/wp-json\/wp\/v2\/types\/page"}],"author":[{"embeddable":true,"href":"https:\/\/kozmokimya.com\/tr\/wp-json\/wp\/v2\/users\/1"}],"replies":[{"embeddable":true,"href":"https:\/\/kozmokimya.com\/tr\/wp-json\/wp\/v2\/comments?post=993"}],"version-history":[{"count":10,"href":"https:\/\/kozmokimya.com\/tr\/wp-json\/wp\/v2\/pages\/993\/revisions"}],"predecessor-version":[{"id":1487,"href":"https:\/\/kozmokimya.com\/tr\/wp-json\/wp\/v2\/pages\/993\/revisions\/1487"}],"wp:attachment":[{"href":"https:\/\/kozmokimya.com\/tr\/wp-json\/wp\/v2\/media?parent=993"}],"curies":[{"name":"wp","href":"https:\/\/api.w.org\/{rel}","templated":true}]}}