{"id":336,"date":"2021-08-05T13:13:51","date_gmt":"2021-08-05T10:13:51","guid":{"rendered":"https:\/\/kozmokimya.com\/tr\/?post_type=product&#038;p=336"},"modified":"2021-11-25T16:15:32","modified_gmt":"2021-11-25T13:15:32","slug":"tango-shaving-foam-3","status":"publish","type":"product","link":"https:\/\/kozmokimya.com\/tr\/urun\/tango-shaving-foam-3\/","title":{"rendered":"Tango Tra\u015f K\u00f6p\u00fc\u011f\u00fc Normal Ciltler"},"content":{"rendered":"","protected":false},"excerpt":{"rendered":"<table>\n<tbody>\n<tr style=\"height: 23px;\">\n<td style=\"height: 23px;\">\u00a0PRODUCT CODE<\/td>\n<td style=\"height: 23px;\">MM.002042<\/td>\n<\/tr>\n<tr style=\"height: 23px;\">\n<td style=\"height: 23px;\">\u00a0SIZE<\/td>\n<td style=\"height: 23px;\">200 ML<\/td>\n<\/tr>\n<tr style=\"height: 23px;\">\n<td style=\"height: 23px;\">\u00a0I UNIT NET GR<\/td>\n<td style=\"height: 23px;\">192 GR<\/td>\n<\/tr>\n<tr style=\"height: 23px;\">\n<td style=\"height: 23px;\">\u00a0INSIDE BOX<\/td>\n<td style=\"height: 23px;\">\u00a048 PCS<\/td>\n<\/tr>\n<tr style=\"height: 23px;\">\n<td style=\"height: 23px;\">\u00a01 BOX GROSS KG<\/td>\n<td style=\"height: 23px;\">13,65 KG<\/td>\n<\/tr>\n<tr style=\"height: 23px;\">\n<td style=\"height: 23px;\">\u00a01 BOX m3<\/td>\n<td style=\"height: 23px;\">0,0289<\/td>\n<\/tr>\n<\/tbody>\n<\/table>\n<p><!-- DivTable.com --><\/p>\n","protected":false},"featured_media":337,"template":"","meta":[],"product_cat":[18,26],"product_tag":[],"class_list":["post-336","product","type-product","status-publish","has-post-thumbnail","hentry","product_cat-kisisel-bakim-urunleri","product_cat-tango-regular-skin"],"_links":{"self":[{"href":"https:\/\/kozmokimya.com\/tr\/wp-json\/wp\/v2\/product\/336","targetHints":{"allow":["GET"]}}],"collection":[{"href":"https:\/\/kozmokimya.com\/tr\/wp-json\/wp\/v2\/product"}],"about":[{"href":"https:\/\/kozmokimya.com\/tr\/wp-json\/wp\/v2\/types\/product"}],"wp:featuredmedia":[{"embeddable":true,"href":"https:\/\/kozmokimya.com\/tr\/wp-json\/wp\/v2\/media\/337"}],"wp:attachment":[{"href":"https:\/\/kozmokimya.com\/tr\/wp-json\/wp\/v2\/media?parent=336"}],"wp:term":[{"taxonomy":"product_cat","embeddable":true,"href":"https:\/\/kozmokimya.com\/tr\/wp-json\/wp\/v2\/product_cat?post=336"},{"taxonomy":"product_tag","embeddable":true,"href":"https:\/\/kozmokimya.com\/tr\/wp-json\/wp\/v2\/product_tag?post=336"}],"curies":[{"name":"wp","href":"https:\/\/api.w.org\/{rel}","templated":true}]}}