{"id":419,"date":"2021-08-05T14:16:18","date_gmt":"2021-08-05T11:16:18","guid":{"rendered":"https:\/\/kozmokimya.com\/tr\/?post_type=product&#038;p=419"},"modified":"2021-11-25T16:18:45","modified_gmt":"2021-11-25T13:18:45","slug":"tango-sac-kopugu","status":"publish","type":"product","link":"https:\/\/kozmokimya.com\/tr\/urun\/tango-sac-kopugu\/","title":{"rendered":"Tango Sa\u00e7 K\u00f6p\u00fc\u011f\u00fc"},"content":{"rendered":"","protected":false},"excerpt":{"rendered":"<table>\n<tbody>\n<tr style=\"height: 23px;\">\n<td style=\"height: 23px;\">\u00a0PRODUCT CODE<\/td>\n<td style=\"height: 23px;\">MM.0000.08.002.48<\/td>\n<\/tr>\n<tr style=\"height: 23px;\">\n<td style=\"height: 23px;\">\u00a0SIZE<\/td>\n<td style=\"height: 23px;\">225 ML<\/td>\n<\/tr>\n<tr style=\"height: 23px;\">\n<td style=\"height: 23px;\">\u00a0I UNIT NET GR<\/td>\n<td style=\"height: 23px;\">190 GR<\/td>\n<\/tr>\n<tr style=\"height: 23px;\">\n<td style=\"height: 23px;\">\u00a0INSIDE BOX<\/td>\n<td style=\"height: 23px;\">48 PCS<\/td>\n<\/tr>\n<tr style=\"height: 23px;\">\n<td style=\"height: 23px;\">\u00a01 BOX GROSS KG<\/td>\n<td style=\"height: 23px;\">9,19 KG<\/td>\n<\/tr>\n<tr style=\"height: 23px;\">\n<td style=\"height: 23px;\">\u00a01 BOX m3<\/td>\n<td style=\"height: 23px;\">0,0254<\/td>\n<\/tr>\n<\/tbody>\n<\/table>\n<p>&nbsp;<\/p>\n<p>&nbsp;<\/p>\n<p><!-- DivTable.com --><\/p>\n","protected":false},"featured_media":420,"template":"","meta":[],"product_cat":[18,25,26],"product_tag":[],"class_list":["post-419","product","type-product","status-publish","has-post-thumbnail","hentry","product_cat-kisisel-bakim-urunleri","product_cat-tango-esinti","product_cat-tango-regular-skin"],"_links":{"self":[{"href":"https:\/\/kozmokimya.com\/tr\/wp-json\/wp\/v2\/product\/419","targetHints":{"allow":["GET"]}}],"collection":[{"href":"https:\/\/kozmokimya.com\/tr\/wp-json\/wp\/v2\/product"}],"about":[{"href":"https:\/\/kozmokimya.com\/tr\/wp-json\/wp\/v2\/types\/product"}],"wp:featuredmedia":[{"embeddable":true,"href":"https:\/\/kozmokimya.com\/tr\/wp-json\/wp\/v2\/media\/420"}],"wp:attachment":[{"href":"https:\/\/kozmokimya.com\/tr\/wp-json\/wp\/v2\/media?parent=419"}],"wp:term":[{"taxonomy":"product_cat","embeddable":true,"href":"https:\/\/kozmokimya.com\/tr\/wp-json\/wp\/v2\/product_cat?post=419"},{"taxonomy":"product_tag","embeddable":true,"href":"https:\/\/kozmokimya.com\/tr\/wp-json\/wp\/v2\/product_tag?post=419"}],"curies":[{"name":"wp","href":"https:\/\/api.w.org\/{rel}","templated":true}]}}